{"id":472,"date":"2021-05-23T09:41:50","date_gmt":"2021-05-23T09:41:50","guid":{"rendered":"http:\/\/sspr.no\/?page_id=472"},"modified":"2022-08-23T06:44:01","modified_gmt":"2022-08-23T06:44:01","slug":"barne-og-familietjenesten-2","status":"publish","type":"page","link":"https:\/\/old.sspr.no\/?page_id=472","title":{"rendered":"Barne- og familietjenesten"},"content":{"rendered":"\n<p>Her finner du en oversikt over hvem du kan kontakte innenfor de ulike tjenestene i Trondheim kommune som skolen samarbeider med.<\/p>\n\n\n\n<figure class=\"wp-block-table is-style-regular\"><table><tbody><tr><td><strong>Line \u00d8yen<\/strong><\/td><td>Leder &#8211; Barne- og familietjenesten<\/td><\/tr><tr><td>902 32 084<\/td><td>line.oyen@trondheim.kommune.no<\/td><\/tr><tr><td><strong>Dordi \u00d8yamo Frig\u00e5rd<\/strong><\/td><td>Avdelingsleder &#8211; Skolehelsetjenesten<\/td><\/tr><tr><td>952 63 014<\/td><td>dordi-oiamo.friagard@trondheim.kommune.no<\/td><\/tr><tr><td><strong>Marita Toset<\/strong><\/td><td>Helsesykepleier, ansvar for 1.-7. klasse (torsdager)<\/td><\/tr><tr><td>909 15 574<\/td><td>marita.toset@trondheim.kommune.no<\/td><\/tr><tr><td>Ansvar for 1.-7. klasse<\/td><td>Til stede p\u00e5 torsdager<\/td><\/tr><tr><td><strong>Inger Lise Romsdal<\/strong><\/td><td>Helsesykepleier, ansvar for 8.-10. klasse<\/td><\/tr><tr><td>906 81 439<\/td><td>inger.lise.romsdal@trondheim.kommune.no<\/td><\/tr><tr><td>Ansvar for 8.-10. klasse<\/td><td>Til stede p\u00e5 fredager i partallsuker<\/td><\/tr><tr><td><strong>G\u00f8lin Svendsen<\/strong><\/td><td>Fysioterapeut<\/td><\/tr><tr><td>916 72 799<\/td><td>golin-johanne1.svendsen@trondheim.kommune.no\u00a0<\/td><\/tr><tr><td><strong>Grethe Ulvik<\/strong><\/td><td>Ergoterapeut<\/td><\/tr><tr><td>917 60 214<\/td><td>grethe.ulvik@trondheim.kommune.no<\/td><\/tr><tr><td><strong>Sandra Charlotte Karlsen<\/strong><\/td><td>Vikar for ergoterapeut<\/td><\/tr><tr><td><\/td><td>sandra.karlsen@trondheim.kommune.no<\/td><\/tr><tr><td><strong>Ingvill Stamnes<\/strong><\/td><td>Avdelingsleder &#8211; Pedagogisk psykologisk tjeneste<\/td><\/tr><tr><td>911 42 431<\/td><td>ingvill.stamnes@trondheim.kommune.no<\/td><\/tr><tr><td><strong>Peter Johansen<\/strong><\/td><td>Avdelingsleder &#8211; Familietiltak<\/td><\/tr><tr><td>992 76 220<\/td><td>peter.johansen@trondheim.kommune.no<\/td><\/tr><tr><td><strong>Lena Borch Abrahamsen<\/strong><\/td><td>Avdelingsleder &#8211; Barnevern<\/td><\/tr><tr><td>911 63 858<\/td><td>lena.abrahamsen@trondheim.kommune.no<\/td><\/tr><tr><td><strong>Siri Garberg<\/strong><\/td><td>Avdelingsleder &#8211; Helse og habilitering<\/td><\/tr><tr><td>979 96 030<\/td><td>siri.garberg@trondheim.kommune.no<\/td><\/tr><tr><td><\/td><td><\/td><\/tr><tr><td><strong>Barne- og familietjenesten<\/strong><\/td><td>Peder Falcks veg 31A, 7044 Trondheim<\/td><\/tr><tr><td>480 40 444<\/td><td>bft-ostbyen.postmottak<br>@trondheim.kommune.no<\/td><\/tr><tr><td><\/td><td><\/td><\/tr><\/tbody><\/table><figcaption>Mer informasjon om skolehelsetjenesten p\u00e5 denne lenka:<\/figcaption><\/figure>\n\n\n\n<p><a href=\"https:\/\/www.trondheim.kommune.no\/tema\/skole\/trondheimsskolen\/skolehelsetjenesten\/\" target=\"_blank\" rel=\"noreferrer noopener\">https:\/\/www.trondheim.kommune.no\/tema\/skole\/trondheimsskolen\/skolehelsetjenesten\/<\/a><\/p>\n","protected":false},"excerpt":{"rendered":"<p>Her finner du en oversikt over hvem du kan kontakte innenfor de ulike tjenestene i Trondheim kommune som skolen samarbeider med. Line \u00d8yen Leder &#8211; Barne- og familietjenesten 902 32 084 line.oyen@trondheim.kommune.no Dordi \u00d8yamo Frig\u00e5rd Avdelingsleder &#8211; Skolehelsetjenesten 952 63 &hellip; <a href=\"https:\/\/old.sspr.no\/?page_id=472\">Les videre <span class=\"meta-nav\">&rarr;<\/span><\/a><\/p>\n","protected":false},"author":1,"featured_media":0,"parent":0,"menu_order":0,"comment_status":"closed","ping_status":"closed","template":"","meta":{"_mc_calendar":[],"footnotes":""},"class_list":["post-472","page","type-page","status-publish","hentry"],"_links":{"self":[{"href":"https:\/\/old.sspr.no\/index.php?rest_route=\/wp\/v2\/pages\/472","targetHints":{"allow":["GET"]}}],"collection":[{"href":"https:\/\/old.sspr.no\/index.php?rest_route=\/wp\/v2\/pages"}],"about":[{"href":"https:\/\/old.sspr.no\/index.php?rest_route=\/wp\/v2\/types\/page"}],"author":[{"embeddable":true,"href":"https:\/\/old.sspr.no\/index.php?rest_route=\/wp\/v2\/users\/1"}],"replies":[{"embeddable":true,"href":"https:\/\/old.sspr.no\/index.php?rest_route=%2Fwp%2Fv2%2Fcomments&post=472"}],"version-history":[{"count":8,"href":"https:\/\/old.sspr.no\/index.php?rest_route=\/wp\/v2\/pages\/472\/revisions"}],"predecessor-version":[{"id":1663,"href":"https:\/\/old.sspr.no\/index.php?rest_route=\/wp\/v2\/pages\/472\/revisions\/1663"}],"wp:attachment":[{"href":"https:\/\/old.sspr.no\/index.php?rest_route=%2Fwp%2Fv2%2Fmedia&parent=472"}],"curies":[{"name":"wp","href":"https:\/\/api.w.org\/{rel}","templated":true}]}}