{"id":460,"date":"2021-05-23T09:39:46","date_gmt":"2021-05-23T09:39:46","guid":{"rendered":"http:\/\/sspr.no\/?page_id=460"},"modified":"2022-07-01T16:07:42","modified_gmt":"2022-07-01T16:07:42","slug":"soknad-om-elevplass-2","status":"publish","type":"page","link":"https:\/\/old.sspr.no\/?page_id=460","title":{"rendered":"Inntaksreglement og s\u00f8knad om elevplass"},"content":{"rendered":"\n<p>Steinerskolen p\u00e5 Rotvoll har godkjenning fra Utdanningsdirektoratet til \u00e5 drive Helsepedagogisk avdeling. Dette er en avdeling i skolen der vi som skole har st\u00f8rre muligheter til \u00e5 legge til rette skolehverdagen for den enkelte i st\u00f8rre grad enn i den ordin\u00e6re undervisninga. Inntakskriteriet er at eleven har en varig eller midlertidig funksjonshemning. <\/p>\n\n\n\n<p>S\u00f8knadsfristen for inntak av elever p\u00e5 Helsepedagogisk avdeling er satt til 1. mars, men vi har fortl\u00f8pende inntak inntil elevplassene er fylt opp. Helsepedagogisk avdeling vil ta inn maksimalt 12 elever fra 8.-10. klasse skole\u00e5ret 2022\/2023. <\/p>\n\n\n<div class=\"wp-block-image is-style-default\">\n<figure class=\"aligncenter size-large is-resized\"><img loading=\"lazy\" decoding=\"async\" src=\"http:\/\/sspr.no\/wp-content\/uploads\/2021\/09\/IMG_1595-1024x768.jpg\" alt=\"\" class=\"wp-image-1258\" width=\"768\" height=\"576\" srcset=\"https:\/\/old.sspr.no\/wp-content\/uploads\/2021\/09\/IMG_1595-1024x768.jpg 1024w, https:\/\/old.sspr.no\/wp-content\/uploads\/2021\/09\/IMG_1595-300x225.jpg 300w, https:\/\/old.sspr.no\/wp-content\/uploads\/2021\/09\/IMG_1595-768x576.jpg 768w, https:\/\/old.sspr.no\/wp-content\/uploads\/2021\/09\/IMG_1595-1536x1152.jpg 1536w, https:\/\/old.sspr.no\/wp-content\/uploads\/2021\/09\/IMG_1595-2048x1536.jpg 2048w\" sizes=\"auto, (max-width: 768px) 100vw, 768px\" \/><figcaption>Det er gode muligheter for friluftsliv ved Steinerskolen p\u00e5 Rotvoll. Foto: Frode Fredriksen<\/figcaption><\/figure>\n<\/div>\n\n\n<p><strong>Inntaksreglement for s\u00e6rskilt inntak av s\u00f8kere med funksjonshemming<\/strong><\/p>\n\n\n\n<p>Steinerskolen p\u00e5 Rotvoll er en friskole (jfr. oppl\u00e6ringsloven \u00a7\u00a7 2-1 tredje ledd og 3-1 f\u00f8rste ledd).&nbsp; Skolen er godkjent for inntil 200 elever p\u00e5 grunnskolen og inntil 60 elever p\u00e5 videreg\u00e5ende trinn.&nbsp; Skolen har i tillegg godkjenning for \u00e5 ta inn inntil 12 elever i grunnskolen og 12 elever p\u00e5 videreg\u00e5ende trinn, med funksjonshemming (jfr. friskoleloven \u00a7 2-1 f), som vil f\u00e5 s\u00e6rskilt tilrettelagt oppl\u00e6ring.&nbsp; Disse elevene tas inn ved et s\u00e6rskilt inntak etter dette reglementet.<\/p>\n\n\n\n<p>Det kreves ikke skolepenger for elever som tas inn etter det s\u00e6rskilte inntaket av funksjonshemmede elever.<\/p>\n\n\n\n<p>1&nbsp;&nbsp;&nbsp;&nbsp;&nbsp;&nbsp;&nbsp;&nbsp;&nbsp;&nbsp;&nbsp; Inntaksprosedyre<\/p>\n\n\n\n<p>1.1 Skolens s\u00f8knadsskjema skal benyttes og s\u00f8knaden sendes til skolen.&nbsp;Sammen med s\u00f8knaden m\u00e5 det f\u00f8lge uttalelse fra Pedagogisk-psykologisk tjeneste eller annen sakkyndig instans, som f.eks. sykehus, lege, trygdekontor, NAV e.l. og evt. annen dokumentasjon.&nbsp; Dokumentasjonen er viktig for \u00e5 avgj\u00f8re om s\u00f8keren tilfredsstiller inntakskriteriene.<\/p>\n\n\n\n<p>1.2 S\u00f8knadsfristen er 1. desember. Skolen vil foreta et hovedopptak s\u00e5 raskt som mulig etter fristen.&nbsp;Skolen kan senere foreta suppleringsopptak ved ledig kapasitet.<\/p>\n\n\n\n<p>1.3 Alle s\u00f8kere vil bli orientert skriftlig om skolens vedtak og retten til \u00e5 klage p\u00e5 vedtaket.<\/p>\n\n\n\n<p>S\u00f8knadsskjema og hjelp til \u00e5 s\u00f8ke f\u00e5s ved henvendelse til skolen.&nbsp; Skjemaet kan ogs\u00e5 lastes ned fra skolens hjemmeside.<\/p>\n\n\n\n<p>2&nbsp;&nbsp;&nbsp;&nbsp;&nbsp;&nbsp;&nbsp;&nbsp;&nbsp;&nbsp;&nbsp; Inntakskriterier<\/p>\n\n\n\n<p>Skolen har hele landet som inntaksomr\u00e5de.<\/p>\n\n\n\n<p>Steinerskolen p\u00e5 Rotvoll har avgrenset inntaket slik at elever m\u00e5 tilfredsstille ett eller flere av f\u00f8lgende kriterier:<\/p>\n\n\n\n<p>2.1&nbsp;&nbsp;&nbsp;&nbsp;&nbsp;&nbsp;&nbsp; Psykisk utviklingshemming<\/p>\n\n\n\n<p>2.2&nbsp;&nbsp;&nbsp;&nbsp;&nbsp;&nbsp;&nbsp; Psykologiske traumer<\/p>\n\n\n\n<p>2.3&nbsp;&nbsp;&nbsp;&nbsp;&nbsp;&nbsp;&nbsp; Autismespekterforstyrrelse<\/p>\n\n\n\n<p>2.4&nbsp;&nbsp;&nbsp;&nbsp;&nbsp;&nbsp;&nbsp; Kombinerte vansker med f.eks en angstlidelse<\/p>\n\n\n\n<p>Det kan legges vekt p\u00e5 om s\u00f8keren kan inng\u00e5 i fellesskap. Skolen kan velge s\u00f8kere til grunnskolen eller videreg\u00e5ende niv\u00e5 slik at det passer med skolens eventuelle elev- og ressurssituasjon.<\/p>\n\n\n\n<p>Dersom antall s\u00f8kere overstiger skolens kapasitet, vil inntak prioriteres etter f\u00f8lgende kriterier:<\/p>\n\n\n\n<p>2.7&nbsp;&nbsp;&nbsp;&nbsp;&nbsp;&nbsp;&nbsp; Barn med s\u00f8sken ved skolen<\/p>\n\n\n\n<p>2.8&nbsp;&nbsp;&nbsp;&nbsp;&nbsp;&nbsp;&nbsp; Barn som har g\u00e5tt p\u00e5 andre steinerskoler<\/p>\n\n\n\n<p>2.9&nbsp;&nbsp;&nbsp;&nbsp;&nbsp;&nbsp;&nbsp; Barn som har g\u00e5tt p\u00e5 Rotnissen barnehage (Steinerbarnehage p\u00e5 Rotvoll)<\/p>\n\n\n\n<p>2.10&nbsp;&nbsp;&nbsp;&nbsp;&nbsp; Barn som har g\u00e5tt i annen steinerbarnehage<\/p>\n\n\n\n<p>2.11&nbsp;&nbsp;&nbsp;&nbsp;&nbsp; Barn av skolens medarbeidere<\/p>\n\n\n\n<p>2.12&nbsp;&nbsp;&nbsp;&nbsp;&nbsp; Barn som har s\u00f8sken ved andre steinerskoler eller steinerbarnehager<\/p>\n\n\n\n<p>2.13&nbsp;&nbsp;&nbsp;&nbsp;&nbsp; Det foretas loddtrekning mellom barn som ellers stiller likt<\/p>\n\n\n\n<p>Vedtatt i styrem\u00f8te 10.04.18<\/p>\n\n\n\n<p class=\"has-normal-font-size\"><strong>S\u00f8knadsskjema<\/strong><\/p>\n\n\n\n<p> <a href=\"http:\/\/sspr.no\/wp-content\/uploads\/2021\/09\/Soknadsskjema-avd.-for-funksjonshemmede.pdf\">http:\/\/sspr.no\/wp-content\/uploads\/2021\/09\/Soknadsskjema-avd.-for-funksjonshemmede.pdf<\/a> <\/p>\n","protected":false},"excerpt":{"rendered":"<p>Steinerskolen p\u00e5 Rotvoll har godkjenning fra Utdanningsdirektoratet til \u00e5 drive Helsepedagogisk avdeling. Dette er en avdeling i skolen der vi som skole har st\u00f8rre muligheter til \u00e5 legge til rette skolehverdagen for den enkelte i st\u00f8rre grad enn i den &hellip; <a href=\"https:\/\/old.sspr.no\/?page_id=460\">Les videre <span class=\"meta-nav\">&rarr;<\/span><\/a><\/p>\n","protected":false},"author":1,"featured_media":1262,"parent":0,"menu_order":0,"comment_status":"closed","ping_status":"closed","template":"","meta":{"_mc_calendar":[],"footnotes":""},"class_list":["post-460","page","type-page","status-publish","has-post-thumbnail","hentry"],"_links":{"self":[{"href":"https:\/\/old.sspr.no\/index.php?rest_route=\/wp\/v2\/pages\/460","targetHints":{"allow":["GET"]}}],"collection":[{"href":"https:\/\/old.sspr.no\/index.php?rest_route=\/wp\/v2\/pages"}],"about":[{"href":"https:\/\/old.sspr.no\/index.php?rest_route=\/wp\/v2\/types\/page"}],"author":[{"embeddable":true,"href":"https:\/\/old.sspr.no\/index.php?rest_route=\/wp\/v2\/users\/1"}],"replies":[{"embeddable":true,"href":"https:\/\/old.sspr.no\/index.php?rest_route=%2Fwp%2Fv2%2Fcomments&post=460"}],"version-history":[{"count":12,"href":"https:\/\/old.sspr.no\/index.php?rest_route=\/wp\/v2\/pages\/460\/revisions"}],"predecessor-version":[{"id":1615,"href":"https:\/\/old.sspr.no\/index.php?rest_route=\/wp\/v2\/pages\/460\/revisions\/1615"}],"wp:featuredmedia":[{"embeddable":true,"href":"https:\/\/old.sspr.no\/index.php?rest_route=\/wp\/v2\/media\/1262"}],"wp:attachment":[{"href":"https:\/\/old.sspr.no\/index.php?rest_route=%2Fwp%2Fv2%2Fmedia&parent=460"}],"curies":[{"name":"wp","href":"https:\/\/api.w.org\/{rel}","templated":true}]}}