{"id":448,"date":"2021-05-23T09:26:22","date_gmt":"2021-05-23T09:26:22","guid":{"rendered":"http:\/\/sspr.no\/?page_id=448"},"modified":"2022-06-30T10:53:38","modified_gmt":"2022-06-30T10:53:38","slug":"foreldrebetaling-2","status":"publish","type":"page","link":"https:\/\/old.sspr.no\/?page_id=448","title":{"rendered":"Foreldrebetaling"},"content":{"rendered":"\n<p><strong>Fritidshjemmet (SFO)<\/strong><\/p>\n\n\n\n<p>Opphold p\u00e5 Fritidshjemmet, det som i kommunal skole kalles SFO, betales fullt ut av foreldrene. Prisene for foreldrebetalinga gjelder fra og med 01.08.22.<\/p>\n\n\n\n<p>Hel plass, fra og med 12 timer pr. uke koster kr 2 950,- pr. m\u00e5ned inkludert mat. Halv plass, 6-12 timer pr. uke koster kr 2 250,- pr. m\u00e5ned inkludert mat.<\/p>\n\n\n\n<p>Foreldrene faktureres for 11 mnd. pr. \u00e5r. Dette inkluderer skolens planleggingsdager og Sommerfritids, i henhold til skoleruta.<\/p>\n\n\n\n<p>S\u00f8kt plass gjelder fra start p\u00e5 Fritidshjemmet og ut 4. klasse dersom plassen ikke sies opp<br>eller at det varsles om endring av st\u00f8rrelse p\u00e5 plassen.\u00a0Frist for oppsigelse av plass er 2 m\u00e5neder fra den 1. i m\u00e5neden.<\/p>\n\n\n\n<p>Endring av oppholdstyper skjer fra den 1. i m\u00e5neden med 1 m\u00e5neds varsel. Ekstra opphold faktureres med en dagsats p\u00e5 kr 230,-.<\/p>\n\n\n\n<p>Familier som \u00f8nsker \u00e5 s\u00f8ke om moderasjon p\u00e5 foreldrebetalinga ved Fritidshjemmet finner mer informasjon her:<\/p>\n\n\n\n<p><a href=\"https:\/\/sspr.no\/?p=1529\" target=\"_blank\" rel=\"noreferrer noopener\">Regulering av foreldrebetaling fra 01.08.22 | Steinerskolen p\u00e5 Rotvoll (sspr.no)<\/a><\/p>\n\n\n\n<p>Priser gjelder fra og med 01.08.21 og det tas forbehold om prisendringer.<\/p>\n","protected":false},"excerpt":{"rendered":"<p>Fritidshjemmet (SFO) Opphold p\u00e5 Fritidshjemmet, det som i kommunal skole kalles SFO, betales fullt ut av foreldrene. Prisene for foreldrebetalinga gjelder fra og med 01.08.22. Hel plass, fra og med 12 timer pr. uke koster kr 2 950,- pr. m\u00e5ned &hellip; <a href=\"https:\/\/old.sspr.no\/?page_id=448\">Les videre <span class=\"meta-nav\">&rarr;<\/span><\/a><\/p>\n","protected":false},"author":1,"featured_media":0,"parent":0,"menu_order":0,"comment_status":"closed","ping_status":"closed","template":"","meta":{"_mc_calendar":[],"footnotes":""},"class_list":["post-448","page","type-page","status-publish","hentry"],"_links":{"self":[{"href":"https:\/\/old.sspr.no\/index.php?rest_route=\/wp\/v2\/pages\/448","targetHints":{"allow":["GET"]}}],"collection":[{"href":"https:\/\/old.sspr.no\/index.php?rest_route=\/wp\/v2\/pages"}],"about":[{"href":"https:\/\/old.sspr.no\/index.php?rest_route=\/wp\/v2\/types\/page"}],"author":[{"embeddable":true,"href":"https:\/\/old.sspr.no\/index.php?rest_route=\/wp\/v2\/users\/1"}],"replies":[{"embeddable":true,"href":"https:\/\/old.sspr.no\/index.php?rest_route=%2Fwp%2Fv2%2Fcomments&post=448"}],"version-history":[{"count":9,"href":"https:\/\/old.sspr.no\/index.php?rest_route=\/wp\/v2\/pages\/448\/revisions"}],"predecessor-version":[{"id":1582,"href":"https:\/\/old.sspr.no\/index.php?rest_route=\/wp\/v2\/pages\/448\/revisions\/1582"}],"wp:attachment":[{"href":"https:\/\/old.sspr.no\/index.php?rest_route=%2Fwp%2Fv2%2Fmedia&parent=448"}],"curies":[{"name":"wp","href":"https:\/\/api.w.org\/{rel}","templated":true}]}}