{"id":446,"date":"2021-05-23T09:26:22","date_gmt":"2021-05-23T09:26:22","guid":{"rendered":"http:\/\/sspr.no\/?page_id=446"},"modified":"2022-09-19T08:36:37","modified_gmt":"2022-09-19T08:36:37","slug":"soknad-om-plass","status":"publish","type":"page","link":"https:\/\/old.sspr.no\/?page_id=446","title":{"rendered":"S\u00f8knad om plass"},"content":{"rendered":"\n<p>\u00d8nsker du plass p\u00e5 Fritidshjemmet for ditt barn, ber vi deg om \u00e5 fylle ut s\u00f8knadsskjemaet og returnere dette til skolens administrasjon. Det er bare \u00e5 ta kontakt med leder for Fritidshjemmet om du har behov for det.<\/p>\n\n\n<div class=\"wpforms-container wpforms-container-full\" id=\"wpforms-718\"><form id=\"wpforms-form-718\" class=\"wpforms-validate wpforms-form\" data-formid=\"718\" method=\"post\" enctype=\"multipart\/form-data\" action=\"\/index.php?rest_route=%2Fwp%2Fv2%2Fpages%2F446\" data-token=\"02c0b42c9298bc9ba2bf977bf7c4eb65\"><noscript class=\"wpforms-error-noscript\">Please enable JavaScript in your browser to complete this form.<\/noscript><div class=\"wpforms-field-container\"><div id=\"wpforms-718-field_0-container\" class=\"wpforms-field wpforms-field-name\" data-field-id=\"0\"><label class=\"wpforms-field-label\" for=\"wpforms-718-field_0\">Elevens navn <span class=\"wpforms-required-label\">*<\/span><\/label><div class=\"wpforms-field-row wpforms-field-medium\"><div class=\"wpforms-field-row-block wpforms-first wpforms-one-half\"><input type=\"text\" id=\"wpforms-718-field_0\" class=\"wpforms-field-name-first wpforms-field-required\" name=\"wpforms[fields][0][first]\" placeholder=\"Elevens fornavn\" required><label for=\"wpforms-718-field_0\" class=\"wpforms-field-sublabel after wpforms-sublabel-hide\">First<\/label><\/div><div class=\"wpforms-field-row-block wpforms-one-half\"><input type=\"text\" id=\"wpforms-718-field_0-last\" class=\"wpforms-field-name-last wpforms-field-required\" name=\"wpforms[fields][0][last]\" placeholder=\"Elevens etternavn\" required><label for=\"wpforms-718-field_0-last\" class=\"wpforms-field-sublabel after wpforms-sublabel-hide\">Last<\/label><\/div><\/div><\/div><div id=\"wpforms-718-field_7-container\" class=\"wpforms-field wpforms-field-number\" data-field-id=\"7\"><label class=\"wpforms-field-label\" for=\"wpforms-718-field_7\">Elevens f\u00f8dselsdato <span class=\"wpforms-required-label\">*<\/span><\/label><input type=\"number\" pattern=\"\\d*\" id=\"wpforms-718-field_7\" class=\"wpforms-field-medium wpforms-field-required\" name=\"wpforms[fields][7]\" placeholder=\"Dato, m\u00e5ned, \u00e5r\" required><\/div><div id=\"wpforms-718-field_5-container\" class=\"wpforms-field wpforms-field-address\" data-field-id=\"5\"><label class=\"wpforms-field-label\" for=\"wpforms-718-field_5\">Elevens adresse <span class=\"wpforms-required-label\">*<\/span><\/label><div class=\"wpforms-field-row wpforms-field-medium\"><div ><input type=\"text\" id=\"wpforms-718-field_5\" class=\"wpforms-field-address-address1 wpforms-field-required\" name=\"wpforms[fields][5][address1]\" placeholder=\"Gateadresse\" required><label for=\"wpforms-718-field_5\" class=\"wpforms-field-sublabel after wpforms-sublabel-hide\">Address Line 1<\/label><\/div><\/div><div class=\"wpforms-field-row wpforms-field-medium\"><div class=\"wpforms-field-row-block wpforms-one-half wpforms-first\"><input type=\"text\" id=\"wpforms-718-field_5-city\" class=\"wpforms-field-address-city wpforms-field-required\" name=\"wpforms[fields][5][city]\" placeholder=\"Postnummer\" required><label for=\"wpforms-718-field_5-city\" class=\"wpforms-field-sublabel after wpforms-sublabel-hide\">City<\/label><\/div><div class=\"wpforms-field-row-block wpforms-one-half\"><input type=\"text\" id=\"wpforms-718-field_5-state\" class=\"wpforms-field-address-state wpforms-field-required\" name=\"wpforms[fields][5][state]\" placeholder=\"Poststed\" required><label for=\"wpforms-718-field_5-state\" class=\"wpforms-field-sublabel after wpforms-sublabel-hide\">State \/ Province \/ Region<\/label><\/div><\/div><\/div><div id=\"wpforms-718-field_8-container\" class=\"wpforms-field wpforms-field-divider\" data-field-id=\"8\"><\/div><div id=\"wpforms-718-field_11-container\" class=\"wpforms-field wpforms-field-name\" data-field-id=\"11\"><label class=\"wpforms-field-label\" for=\"wpforms-718-field_11\">A - foresatt 1, navn og kontaktopplysninger <span class=\"wpforms-required-label\">*<\/span><\/label><div class=\"wpforms-field-row wpforms-field-medium\"><div class=\"wpforms-field-row-block wpforms-first wpforms-one-half\"><input type=\"text\" id=\"wpforms-718-field_11\" class=\"wpforms-field-name-first wpforms-field-required\" name=\"wpforms[fields][11][first]\" placeholder=\"Foresattes fornavn\" required><label for=\"wpforms-718-field_11\" class=\"wpforms-field-sublabel after wpforms-sublabel-hide\">First<\/label><\/div><div class=\"wpforms-field-row-block wpforms-one-half\"><input type=\"text\" id=\"wpforms-718-field_11-last\" class=\"wpforms-field-name-last wpforms-field-required\" name=\"wpforms[fields][11][last]\" placeholder=\"Foresattes etternavn\" required><label for=\"wpforms-718-field_11-last\" class=\"wpforms-field-sublabel after wpforms-sublabel-hide\">Last<\/label><\/div><\/div><\/div><div id=\"wpforms-718-field_12-container\" class=\"wpforms-field wpforms-field-address\" data-field-id=\"12\"><label class=\"wpforms-field-label\" for=\"wpforms-718-field_12\">Addresse <span class=\"wpforms-required-label\">*<\/span><\/label><div class=\"wpforms-field-row wpforms-field-medium\"><div ><input type=\"text\" id=\"wpforms-718-field_12\" class=\"wpforms-field-address-address1 wpforms-field-required\" name=\"wpforms[fields][12][address1]\" placeholder=\"Foresattes gateadresse\" required><label for=\"wpforms-718-field_12\" class=\"wpforms-field-sublabel after wpforms-sublabel-hide\">Address Line 1<\/label><\/div><\/div><div class=\"wpforms-field-row wpforms-field-medium\"><div class=\"wpforms-field-row-block wpforms-one-half wpforms-first\"><input type=\"text\" id=\"wpforms-718-field_12-city\" class=\"wpforms-field-address-city wpforms-field-required\" name=\"wpforms[fields][12][city]\" placeholder=\"Postnummer\" required><label for=\"wpforms-718-field_12-city\" class=\"wpforms-field-sublabel after wpforms-sublabel-hide\">City<\/label><\/div><div class=\"wpforms-field-row-block wpforms-one-half\"><input type=\"text\" id=\"wpforms-718-field_12-state\" class=\"wpforms-field-address-state wpforms-field-required\" name=\"wpforms[fields][12][state]\" placeholder=\"Poststed\" required><label for=\"wpforms-718-field_12-state\" class=\"wpforms-field-sublabel after wpforms-sublabel-hide\">State \/ Province \/ Region<\/label><\/div><\/div><\/div><div id=\"wpforms-718-field_13-container\" class=\"wpforms-field wpforms-field-phone\" data-field-id=\"13\"><label class=\"wpforms-field-label\" for=\"wpforms-718-field_13\">Foresattes mobiltelefonnummer <span class=\"wpforms-required-label\">*<\/span><\/label><input type=\"tel\" id=\"wpforms-718-field_13\" class=\"wpforms-field-medium wpforms-field-required\" data-rule-int-phone-field=\"true\" name=\"wpforms[fields][13]\" placeholder=\"Foresattes mobiltelefonnummer\" required><\/div><div id=\"wpforms-718-field_1-container\" class=\"wpforms-field wpforms-field-email\" data-field-id=\"1\"><label class=\"wpforms-field-label\" for=\"wpforms-718-field_1\">Foresattes e-postadresse <span class=\"wpforms-required-label\">*<\/span><\/label><input type=\"email\" id=\"wpforms-718-field_1\" class=\"wpforms-field-medium wpforms-field-required\" name=\"wpforms[fields][1]\" placeholder=\"Foresattes e-postadresse\" required><div class=\"wpforms-field-description\">Foreldres e-postadresse<\/div><\/div><div id=\"wpforms-718-field_14-container\" class=\"wpforms-field wpforms-field-divider\" data-field-id=\"14\"><\/div><div id=\"wpforms-718-field_16-container\" class=\"wpforms-field wpforms-field-name\" data-field-id=\"16\"><label class=\"wpforms-field-label\" for=\"wpforms-718-field_16\">B - foresatt 2, navn og kontaktopplysninger <span class=\"wpforms-required-label\">*<\/span><\/label><div class=\"wpforms-field-row wpforms-field-medium\"><div class=\"wpforms-field-row-block wpforms-first wpforms-one-half\"><input type=\"text\" id=\"wpforms-718-field_16\" class=\"wpforms-field-name-first wpforms-field-required\" name=\"wpforms[fields][16][first]\" placeholder=\"Foresattes fornavn\" required><label for=\"wpforms-718-field_16\" class=\"wpforms-field-sublabel after wpforms-sublabel-hide\">First<\/label><\/div><div class=\"wpforms-field-row-block wpforms-one-half\"><input type=\"text\" id=\"wpforms-718-field_16-last\" class=\"wpforms-field-name-last wpforms-field-required\" name=\"wpforms[fields][16][last]\" placeholder=\"Foresattes etternavn\" required><label for=\"wpforms-718-field_16-last\" class=\"wpforms-field-sublabel after wpforms-sublabel-hide\">Last<\/label><\/div><\/div><\/div><div id=\"wpforms-718-field_17-container\" class=\"wpforms-field wpforms-field-address\" data-field-id=\"17\"><label class=\"wpforms-field-label\" for=\"wpforms-718-field_17\">Addresse <span class=\"wpforms-required-label\">*<\/span><\/label><div class=\"wpforms-field-row wpforms-field-medium\"><div ><input type=\"text\" id=\"wpforms-718-field_17\" class=\"wpforms-field-address-address1 wpforms-field-required\" name=\"wpforms[fields][17][address1]\" placeholder=\"Foresattes gateadresse\" required><label for=\"wpforms-718-field_17\" class=\"wpforms-field-sublabel after wpforms-sublabel-hide\">Address Line 1<\/label><\/div><\/div><div class=\"wpforms-field-row wpforms-field-medium\"><div class=\"wpforms-field-row-block wpforms-one-half wpforms-first\"><input type=\"text\" id=\"wpforms-718-field_17-city\" class=\"wpforms-field-address-city wpforms-field-required\" name=\"wpforms[fields][17][city]\" placeholder=\"Postnummer\" required><label for=\"wpforms-718-field_17-city\" class=\"wpforms-field-sublabel after wpforms-sublabel-hide\">City<\/label><\/div><div class=\"wpforms-field-row-block wpforms-one-half\"><input type=\"text\" id=\"wpforms-718-field_17-state\" class=\"wpforms-field-address-state wpforms-field-required\" name=\"wpforms[fields][17][state]\" placeholder=\"Poststed\" required><label for=\"wpforms-718-field_17-state\" class=\"wpforms-field-sublabel after wpforms-sublabel-hide\">State \/ Province \/ Region<\/label><\/div><\/div><\/div><div id=\"wpforms-718-field_18-container\" class=\"wpforms-field wpforms-field-phone\" data-field-id=\"18\"><label class=\"wpforms-field-label\" for=\"wpforms-718-field_18\">Foresattes mobiltelefonnummer <span class=\"wpforms-required-label\">*<\/span><\/label><input type=\"tel\" id=\"wpforms-718-field_18\" class=\"wpforms-field-medium wpforms-field-required\" data-rule-int-phone-field=\"true\" name=\"wpforms[fields][18]\" placeholder=\"Foresattes mobiltelefonnummer\" required><\/div><div id=\"wpforms-718-field_19-container\" class=\"wpforms-field wpforms-field-email\" data-field-id=\"19\"><label class=\"wpforms-field-label\" for=\"wpforms-718-field_19\">Foresattes e-postadresse <span class=\"wpforms-required-label\">*<\/span><\/label><input type=\"email\" id=\"wpforms-718-field_19\" class=\"wpforms-field-medium wpforms-field-required\" name=\"wpforms[fields][19]\" placeholder=\"Foresattes e-postadresse\" required><div class=\"wpforms-field-description\">Foreldres e-postadresse<\/div><\/div><div id=\"wpforms-718-field_20-container\" class=\"wpforms-field wpforms-field-divider\" data-field-id=\"20\"><\/div><div id=\"wpforms-718-field_22-container\" class=\"wpforms-field wpforms-field-checkbox\" data-field-id=\"22\"><label class=\"wpforms-field-label\" for=\"wpforms-718-field_22\">Kryss av for ett av alternativene <span class=\"wpforms-required-label\">*<\/span><\/label><ul id=\"wpforms-718-field_22\" class=\"wpforms-field-required\"><li class=\"choice-1 depth-1\"><input type=\"checkbox\" id=\"wpforms-718-field_22_1\" name=\"wpforms[fields][22][]\" value=\"S\u00f8knad om heltidsplass over 12 timer pr uke, kr 2 950, pr mnd inkl mat\" required ><label class=\"wpforms-field-label-inline\" for=\"wpforms-718-field_22_1\">S\u00f8knad om heltidsplass over 12 timer pr uke, kr 2 950, pr mnd inkl mat<\/label><\/li><li class=\"choice-2 depth-1\"><input type=\"checkbox\" id=\"wpforms-718-field_22_2\" name=\"wpforms[fields][22][]\" value=\"S\u00f8knad om halv plass, 6-12 timer pr uke, kr 2 250,- pr mnd. inkl. mat\" required ><label class=\"wpforms-field-label-inline\" for=\"wpforms-718-field_22_2\">S\u00f8knad om halv plass, 6-12 timer pr uke, kr 2 250,- pr mnd. inkl. mat<\/label><\/li><\/ul><div class=\"wpforms-field-description\">Faktureres 11 mnd. pr. \u00e5r, og inkluderer skolens planleggingsdager og Sommerfritids, ref. skolerute. S\u00f8kt plass gjelder for hele 1.\u20134.klasse dersom plassen ikke sies opp eller det varsles om endring p\u00e5 st\u00f8rrelse. Frist for oppsigelse av plass er 2 m\u00e5neder fra den 1. i m\u00e5neden. Endring av oppholds-typer skjer fra den 1. i m\u00e5neden med 1 m\u00e5neds varsel. Ekstra opphold faktureres med en dagsats p\u00e5 kr 230,-. Det tas forbehold om prisendring.\r\nFamilier med mer enn ett barn p\u00e5 Fritidshjemmet gis 50 % moderasjon for barn nr. 2, 3 osv. Det regnes ut s\u00f8skenmoderasjon p\u00e5 det rimeligste tilbudet, og ved like tilbud regnes s\u00f8skenmoderasjonen p\u00e5 det eldste barnet. Det gis moderasjon p\u00e5 \u00f8konomisk grunnlag etter s\u00f8knad, ta kontakt for mer informasjon.\r\n<\/div><\/div><div id=\"wpforms-718-field_28-container\" class=\"wpforms-field wpforms-field-divider\" data-field-id=\"28\"><\/div><div id=\"wpforms-718-field_2-container\" class=\"wpforms-field wpforms-field-textarea\" data-field-id=\"2\"><label class=\"wpforms-field-label\" for=\"wpforms-718-field_2\">Skriv dine kommentarer her<\/label><textarea id=\"wpforms-718-field_2\" class=\"wpforms-field-medium\" name=\"wpforms[fields][2]\" ><\/textarea><div class=\"wpforms-field-description\">Pass p\u00e5 at du ikke oppgir personsensitive data i skjemaet.<\/div><\/div><div id=\"wpforms-718-field_21-container\" class=\"wpforms-field wpforms-field-gdpr-checkbox\" data-field-id=\"21\"><label class=\"wpforms-field-label\" for=\"wpforms-718-field_21\">GDPR samtykke <span class=\"wpforms-required-label\">*<\/span><\/label><ul id=\"wpforms-718-field_21\" class=\"wpforms-field-required\"><li class=\"choice-1\"><input type=\"checkbox\" id=\"wpforms-718-field_21_1\" name=\"wpforms[fields][21][]\" value=\"Jeg gir mitt samtykke til at denne nettsiden kan lagre informasjonen i dette skjemaet slik at det kan g\u00e5 inn i saksbehandlingen.\" required ><label class=\"wpforms-field-label-inline\" for=\"wpforms-718-field_21_1\">Jeg gir mitt samtykke til at denne nettsiden kan lagre informasjonen i dette skjemaet slik at det kan g\u00e5 inn i saksbehandlingen.<\/label><\/li><\/ul><div class=\"wpforms-field-description\">Les v\u00e5r personvernerkl\u00e6ring her: http:\/\/sspr.no\/?page_id=314<\/div><\/div><\/div><div class=\"wpforms-submit-container\"><input type=\"hidden\" name=\"wpforms[id]\" value=\"718\"><input type=\"hidden\" name=\"wpforms[author]\" value=\"1\"><button type=\"submit\" name=\"wpforms[submit]\" id=\"wpforms-submit-718\" class=\"wpforms-submit\" data-alt-text=\"S\u00f8knaden sendes\" data-submit-text=\"Send s\u00f8knad\" aria-live=\"assertive\" value=\"wpforms-submit\">Send s\u00f8knad<\/button><\/div><\/form><\/div>  <!-- .wpforms-container -->\n\n\n<hr class=\"wp-block-separator has-css-opacity\"\/>\n\n\n\n<p>Om du ikke \u00f8nsker \u00e5 sende inn et elektronisk s\u00f8knadsskjema, kan du skrive ut s\u00f8knadsskjemaet under her, fylle det ut og sende det pr. e-post eller i posten til oss.<\/p>\n\n\n\n<p><a href=\"http:\/\/sspr.no\/wp-content\/uploads\/2022\/09\/Soknadsskjema-Fritidshjemmet-2022-2023.pdf\">http:\/\/sspr.no\/wp-content\/uploads\/2022\/09\/Soknadsskjema-Fritidshjemmet-2022-2023.pdf<\/a><\/p>\n","protected":false},"excerpt":{"rendered":"<p>\u00d8nsker du plass p\u00e5 Fritidshjemmet for ditt barn, ber vi deg om \u00e5 fylle ut s\u00f8knadsskjemaet og returnere dette til skolens administrasjon. Det er bare \u00e5 ta kontakt med leder for Fritidshjemmet om du har behov for det. Om du &hellip; <a href=\"https:\/\/old.sspr.no\/?page_id=446\">Les videre <span class=\"meta-nav\">&rarr;<\/span><\/a><\/p>\n","protected":false},"author":1,"featured_media":0,"parent":0,"menu_order":0,"comment_status":"closed","ping_status":"closed","template":"","meta":{"_mc_calendar":[],"footnotes":""},"class_list":["post-446","page","type-page","status-publish","hentry"],"_links":{"self":[{"href":"https:\/\/old.sspr.no\/index.php?rest_route=\/wp\/v2\/pages\/446","targetHints":{"allow":["GET"]}}],"collection":[{"href":"https:\/\/old.sspr.no\/index.php?rest_route=\/wp\/v2\/pages"}],"about":[{"href":"https:\/\/old.sspr.no\/index.php?rest_route=\/wp\/v2\/types\/page"}],"author":[{"embeddable":true,"href":"https:\/\/old.sspr.no\/index.php?rest_route=\/wp\/v2\/users\/1"}],"replies":[{"embeddable":true,"href":"https:\/\/old.sspr.no\/index.php?rest_route=%2Fwp%2Fv2%2Fcomments&post=446"}],"version-history":[{"count":19,"href":"https:\/\/old.sspr.no\/index.php?rest_route=\/wp\/v2\/pages\/446\/revisions"}],"predecessor-version":[{"id":1744,"href":"https:\/\/old.sspr.no\/index.php?rest_route=\/wp\/v2\/pages\/446\/revisions\/1744"}],"wp:attachment":[{"href":"https:\/\/old.sspr.no\/index.php?rest_route=%2Fwp%2Fv2%2Fmedia&parent=446"}],"curies":[{"name":"wp","href":"https:\/\/api.w.org\/{rel}","templated":true}]}}