{"id":435,"date":"2021-05-23T09:16:41","date_gmt":"2021-05-23T09:16:41","guid":{"rendered":"http:\/\/sspr.no\/?page_id=435"},"modified":"2021-07-04T10:15:22","modified_gmt":"2021-07-04T10:15:22","slug":"barne-og-familietjenesten","status":"publish","type":"page","link":"https:\/\/old.sspr.no\/?page_id=435","title":{"rendered":"Barne- og familietjenesten"},"content":{"rendered":"\n<p>Steinerskolen p\u00e5 Rotvoll har et tett og godt samarbeid med de kommunale tjenestene som omgir kommunale skoler, privatskoler og friskoler. For v\u00e5r del sogner skolen under Trondheim kommunes Barne- og familietjeneste i \u00d8stbyen, men vi samarbeider ogs\u00e5 med de samme tjenestene i andre bydeler og kommuner alt etter hvor eleven bor.<\/p>\n\n\n\n<p>V\u00e5re n\u00e6rmeste samarbeidspartnere inn under Barne- og familietjenesten i Trondheim kommune er skolehelsetjenesten, pedagogisk-psykologisk tjeneste, familietiltak, barnevernstjenesten og helse- og habiliteringstjenesten. Rektor har jevnlige samarbeidsm\u00f8ter der alle disse tjenestene er representert. I tillegg er BUP &#8211; barne- og ungdomspsykiatrisk poliklinikk med i disse m\u00f8tene.<\/p>\n\n\n\n<p>Rektor og koordinator for spesialundervisning deltar i m\u00f8ter med tjenestene der skolen jobber med konkrete saker som har med enkeltelever og familier \u00e5 gj\u00f8re.<\/p>\n\n\n\n<p>Du finner mer informasjon om de ulike tjenestene <a rel=\"noreferrer noopener\" href=\"https:\/\/www.trondheim.kommune.no\/org\/oppvekst\/bft\/bft-ostbyen\/\" target=\"_blank\">HER<\/a> og kontaktinformasjon finner du <a href=\"http:\/\/sspr.no\/?page_id=472\">HER<\/a>.<\/p>\n","protected":false},"excerpt":{"rendered":"<p>Steinerskolen p\u00e5 Rotvoll har et tett og godt samarbeid med de kommunale tjenestene som omgir kommunale skoler, privatskoler og friskoler. For v\u00e5r del sogner skolen under Trondheim kommunes Barne- og familietjeneste i \u00d8stbyen, men vi samarbeider ogs\u00e5 med de samme &hellip; <a href=\"https:\/\/old.sspr.no\/?page_id=435\">Les videre <span class=\"meta-nav\">&rarr;<\/span><\/a><\/p>\n","protected":false},"author":1,"featured_media":0,"parent":0,"menu_order":0,"comment_status":"closed","ping_status":"closed","template":"","meta":{"_mc_calendar":[],"footnotes":""},"class_list":["post-435","page","type-page","status-publish","hentry"],"_links":{"self":[{"href":"https:\/\/old.sspr.no\/index.php?rest_route=\/wp\/v2\/pages\/435","targetHints":{"allow":["GET"]}}],"collection":[{"href":"https:\/\/old.sspr.no\/index.php?rest_route=\/wp\/v2\/pages"}],"about":[{"href":"https:\/\/old.sspr.no\/index.php?rest_route=\/wp\/v2\/types\/page"}],"author":[{"embeddable":true,"href":"https:\/\/old.sspr.no\/index.php?rest_route=\/wp\/v2\/users\/1"}],"replies":[{"embeddable":true,"href":"https:\/\/old.sspr.no\/index.php?rest_route=%2Fwp%2Fv2%2Fcomments&post=435"}],"version-history":[{"count":3,"href":"https:\/\/old.sspr.no\/index.php?rest_route=\/wp\/v2\/pages\/435\/revisions"}],"predecessor-version":[{"id":921,"href":"https:\/\/old.sspr.no\/index.php?rest_route=\/wp\/v2\/pages\/435\/revisions\/921"}],"wp:attachment":[{"href":"https:\/\/old.sspr.no\/index.php?rest_route=%2Fwp%2Fv2%2Fmedia&parent=435"}],"curies":[{"name":"wp","href":"https:\/\/api.w.org\/{rel}","templated":true}]}}