{"id":362,"date":"2021-05-23T08:59:13","date_gmt":"2021-05-23T08:59:13","guid":{"rendered":"http:\/\/sspr.no\/?page_id=362"},"modified":"2022-06-30T12:22:16","modified_gmt":"2022-06-30T12:22:16","slug":"reglementer-og-vedtekter","status":"publish","type":"page","link":"https:\/\/old.sspr.no\/?page_id=362","title":{"rendered":"Reglementer, vedtekter og retningslinjer"},"content":{"rendered":"\n<p><strong>Skolens ordensreglement<\/strong><\/p>\n\n\n\n<p>Skolens ordensreglement vedtas av skolestyret og er utformet i henhold til de retningslinjene som er gitt av Utdanningsdirektoratet. Ordensreglementet er skolens forskrift om orden og oppf\u00f8rsel og hvilke konsekvenser brudd p\u00e5 reglementet kan medf\u00f8re.<\/p>\n\n\n\n<p><a href=\"http:\/\/sspr.no\/wp-content\/uploads\/2021\/07\/Ordensreglement.pdf\">http:\/\/sspr.no\/wp-content\/uploads\/2021\/07\/Ordensreglement.pdf<\/a><\/p>\n\n\n\n<p><strong>Skolens vedtekter<\/strong><\/p>\n\n\n\n<p>Skolens vedtekter sier noe om skolens form\u00e5l, skolestyrets sammensetning og oppgaver og er utformet i henhold til bestemmelsene i stiftelsesloven.<\/p>\n\n\n\n<p><a href=\"http:\/\/sspr.no\/wp-content\/uploads\/2021\/07\/Vedtekter.pdf\">http:\/\/sspr.no\/wp-content\/uploads\/2021\/07\/Vedtekter.pdf<\/a><\/p>\n\n\n\n<p><strong>Skolens inntaksreglement<\/strong><\/p>\n\n\n\n<p>Skolens inntaksreglement sier noe om hvilke prosedyrer og kriterier som gjelder for inntak av elever. Reglementet er utformet i henhold til bestemmelsene i friskoleloven.<\/p>\n\n\n\n<p><a href=\"http:\/\/sspr.no\/wp-content\/uploads\/2022\/06\/Inntaksreglement-rev.-2022.pdf\">http:\/\/sspr.no\/wp-content\/uploads\/2022\/06\/Inntaksreglement-rev.-2022.pdf<\/a><\/p>\n\n\n\n<p><strong>Skolens retningslinjer for smittevern<\/strong><\/p>\n\n\n\n<p>Skolen er p\u00e5lagt \u00e5 f\u00f8lge nasjonale og kommunale retningslinjer med hensyn til smittevern. Skolene f\u00f8lger den s\u00e5kalte trafikklysmodellen, og fra og med 16. desember 2021 er grunnskolene i utgangspunktet satt p\u00e5 gult niv\u00e5 inntil annet blir bestemt.<\/p>\n\n\n\n<p><a href=\"http:\/\/sspr.no\/wp-content\/uploads\/2021\/09\/Rutiner-smittevern-14.12.21.pdf\">http:\/\/sspr.no\/wp-content\/uploads\/2021\/09\/Rutiner-smittevern-14.12.21.pdf<\/a><\/p>\n","protected":false},"excerpt":{"rendered":"<p>Skolens ordensreglement Skolens ordensreglement vedtas av skolestyret og er utformet i henhold til de retningslinjene som er gitt av Utdanningsdirektoratet. Ordensreglementet er skolens forskrift om orden og oppf\u00f8rsel og hvilke konsekvenser brudd p\u00e5 reglementet kan medf\u00f8re. Skolens vedtekter Skolens vedtekter &hellip; <a href=\"https:\/\/old.sspr.no\/?page_id=362\">Les videre <span class=\"meta-nav\">&rarr;<\/span><\/a><\/p>\n","protected":false},"author":1,"featured_media":0,"parent":0,"menu_order":0,"comment_status":"closed","ping_status":"closed","template":"","meta":{"_mc_calendar":[],"footnotes":""},"class_list":["post-362","page","type-page","status-publish","hentry"],"_links":{"self":[{"href":"https:\/\/old.sspr.no\/index.php?rest_route=\/wp\/v2\/pages\/362","targetHints":{"allow":["GET"]}}],"collection":[{"href":"https:\/\/old.sspr.no\/index.php?rest_route=\/wp\/v2\/pages"}],"about":[{"href":"https:\/\/old.sspr.no\/index.php?rest_route=\/wp\/v2\/types\/page"}],"author":[{"embeddable":true,"href":"https:\/\/old.sspr.no\/index.php?rest_route=\/wp\/v2\/users\/1"}],"replies":[{"embeddable":true,"href":"https:\/\/old.sspr.no\/index.php?rest_route=%2Fwp%2Fv2%2Fcomments&post=362"}],"version-history":[{"count":13,"href":"https:\/\/old.sspr.no\/index.php?rest_route=\/wp\/v2\/pages\/362\/revisions"}],"predecessor-version":[{"id":1597,"href":"https:\/\/old.sspr.no\/index.php?rest_route=\/wp\/v2\/pages\/362\/revisions\/1597"}],"wp:attachment":[{"href":"https:\/\/old.sspr.no\/index.php?rest_route=%2Fwp%2Fv2%2Fmedia&parent=362"}],"curies":[{"name":"wp","href":"https:\/\/api.w.org\/{rel}","templated":true}]}}