{"id":359,"date":"2021-05-23T08:59:12","date_gmt":"2021-05-23T08:59:12","guid":{"rendered":"http:\/\/sspr.no\/?page_id=359"},"modified":"2021-06-29T18:54:18","modified_gmt":"2021-06-29T18:54:18","slug":"soknad-om-elevplass","status":"publish","type":"page","link":"https:\/\/old.sspr.no\/?page_id=359","title":{"rendered":"S\u00f8knad om elevplass"},"content":{"rendered":"<div class=\"wpforms-container wpforms-container-full\" id=\"wpforms-715\"><form id=\"wpforms-form-715\" class=\"wpforms-validate wpforms-form\" data-formid=\"715\" method=\"post\" enctype=\"multipart\/form-data\" action=\"\/index.php?rest_route=%2Fwp%2Fv2%2Fpages%2F359\" data-token=\"99dd2a073ca4a6e9ae7ce4fcadc10b49\"><noscript class=\"wpforms-error-noscript\">Please enable JavaScript in your browser to complete this form.<\/noscript><div class=\"wpforms-field-container\"><div id=\"wpforms-715-field_0-container\" class=\"wpforms-field wpforms-field-name\" data-field-id=\"0\"><label class=\"wpforms-field-label\" for=\"wpforms-715-field_0\">Elevens navn <span class=\"wpforms-required-label\">*<\/span><\/label><div class=\"wpforms-field-row wpforms-field-medium\"><div class=\"wpforms-field-row-block wpforms-first wpforms-one-half\"><input type=\"text\" id=\"wpforms-715-field_0\" class=\"wpforms-field-name-first wpforms-field-required\" name=\"wpforms[fields][0][first]\" placeholder=\"Elevens fornavn\" required><label for=\"wpforms-715-field_0\" class=\"wpforms-field-sublabel after wpforms-sublabel-hide\">First<\/label><\/div><div class=\"wpforms-field-row-block wpforms-one-half\"><input type=\"text\" id=\"wpforms-715-field_0-last\" class=\"wpforms-field-name-last wpforms-field-required\" name=\"wpforms[fields][0][last]\" placeholder=\"Elevens etternavn\" required><label for=\"wpforms-715-field_0-last\" class=\"wpforms-field-sublabel after wpforms-sublabel-hide\">Last<\/label><\/div><\/div><\/div><div id=\"wpforms-715-field_7-container\" class=\"wpforms-field wpforms-field-number\" data-field-id=\"7\"><label class=\"wpforms-field-label\" for=\"wpforms-715-field_7\">Elevens f\u00f8dselsdato <span class=\"wpforms-required-label\">*<\/span><\/label><input type=\"number\" pattern=\"\\d*\" id=\"wpforms-715-field_7\" class=\"wpforms-field-medium wpforms-field-required\" name=\"wpforms[fields][7]\" placeholder=\"Dato, m\u00e5ned, \u00e5r\" required><\/div><div id=\"wpforms-715-field_5-container\" class=\"wpforms-field wpforms-field-address\" data-field-id=\"5\"><label class=\"wpforms-field-label\" for=\"wpforms-715-field_5\">Elevens adresse <span class=\"wpforms-required-label\">*<\/span><\/label><div class=\"wpforms-field-row wpforms-field-medium\"><div ><input type=\"text\" id=\"wpforms-715-field_5\" class=\"wpforms-field-address-address1 wpforms-field-required\" name=\"wpforms[fields][5][address1]\" placeholder=\"Gateadresse\" required><label for=\"wpforms-715-field_5\" class=\"wpforms-field-sublabel after wpforms-sublabel-hide\">Address Line 1<\/label><\/div><\/div><div class=\"wpforms-field-row wpforms-field-medium\"><div class=\"wpforms-field-row-block wpforms-one-half wpforms-first\"><input type=\"text\" id=\"wpforms-715-field_5-city\" class=\"wpforms-field-address-city wpforms-field-required\" name=\"wpforms[fields][5][city]\" placeholder=\"Postnummer\" required><label for=\"wpforms-715-field_5-city\" class=\"wpforms-field-sublabel after wpforms-sublabel-hide\">City<\/label><\/div><div class=\"wpforms-field-row-block wpforms-one-half\"><input type=\"text\" id=\"wpforms-715-field_5-state\" class=\"wpforms-field-address-state wpforms-field-required\" name=\"wpforms[fields][5][state]\" placeholder=\"Poststed\" required><label for=\"wpforms-715-field_5-state\" class=\"wpforms-field-sublabel after wpforms-sublabel-hide\">State \/ Province \/ Region<\/label><\/div><\/div><\/div><div id=\"wpforms-715-field_8-container\" class=\"wpforms-field wpforms-field-divider\" data-field-id=\"8\"><\/div><div id=\"wpforms-715-field_11-container\" class=\"wpforms-field wpforms-field-name\" data-field-id=\"11\"><label class=\"wpforms-field-label\" for=\"wpforms-715-field_11\">A - foresatt 1, navn og kontaktopplysninger <span class=\"wpforms-required-label\">*<\/span><\/label><div class=\"wpforms-field-row wpforms-field-medium\"><div class=\"wpforms-field-row-block wpforms-first wpforms-one-half\"><input type=\"text\" id=\"wpforms-715-field_11\" class=\"wpforms-field-name-first wpforms-field-required\" name=\"wpforms[fields][11][first]\" placeholder=\"Foresattes fornavn\" required><label for=\"wpforms-715-field_11\" class=\"wpforms-field-sublabel after wpforms-sublabel-hide\">First<\/label><\/div><div class=\"wpforms-field-row-block wpforms-one-half\"><input type=\"text\" id=\"wpforms-715-field_11-last\" class=\"wpforms-field-name-last wpforms-field-required\" name=\"wpforms[fields][11][last]\" placeholder=\"Foresattes etternavn\" required><label for=\"wpforms-715-field_11-last\" class=\"wpforms-field-sublabel after wpforms-sublabel-hide\">Last<\/label><\/div><\/div><\/div><div id=\"wpforms-715-field_12-container\" class=\"wpforms-field wpforms-field-address\" data-field-id=\"12\"><label class=\"wpforms-field-label\" for=\"wpforms-715-field_12\">Addresse <span class=\"wpforms-required-label\">*<\/span><\/label><div class=\"wpforms-field-row wpforms-field-medium\"><div ><input type=\"text\" id=\"wpforms-715-field_12\" class=\"wpforms-field-address-address1 wpforms-field-required\" name=\"wpforms[fields][12][address1]\" placeholder=\"Foresattes gateadresse\" required><label for=\"wpforms-715-field_12\" class=\"wpforms-field-sublabel after wpforms-sublabel-hide\">Address Line 1<\/label><\/div><\/div><div class=\"wpforms-field-row wpforms-field-medium\"><div class=\"wpforms-field-row-block wpforms-one-half wpforms-first\"><input type=\"text\" id=\"wpforms-715-field_12-city\" class=\"wpforms-field-address-city wpforms-field-required\" name=\"wpforms[fields][12][city]\" placeholder=\"Postnummer\" required><label for=\"wpforms-715-field_12-city\" class=\"wpforms-field-sublabel after wpforms-sublabel-hide\">City<\/label><\/div><div class=\"wpforms-field-row-block wpforms-one-half\"><input type=\"text\" id=\"wpforms-715-field_12-state\" class=\"wpforms-field-address-state wpforms-field-required\" name=\"wpforms[fields][12][state]\" placeholder=\"Poststed\" required><label for=\"wpforms-715-field_12-state\" class=\"wpforms-field-sublabel after wpforms-sublabel-hide\">State \/ Province \/ Region<\/label><\/div><\/div><\/div><div id=\"wpforms-715-field_13-container\" class=\"wpforms-field wpforms-field-phone\" data-field-id=\"13\"><label class=\"wpforms-field-label\" for=\"wpforms-715-field_13\">Foresattes mobiltelefonnummer <span class=\"wpforms-required-label\">*<\/span><\/label><input type=\"tel\" id=\"wpforms-715-field_13\" class=\"wpforms-field-medium wpforms-field-required\" data-rule-int-phone-field=\"true\" name=\"wpforms[fields][13]\" placeholder=\"Foresattes mobiltelefonnummer\" required><\/div><div id=\"wpforms-715-field_1-container\" class=\"wpforms-field wpforms-field-email\" data-field-id=\"1\"><label class=\"wpforms-field-label\" for=\"wpforms-715-field_1\">Foresattes e-postadresse <span class=\"wpforms-required-label\">*<\/span><\/label><input type=\"email\" id=\"wpforms-715-field_1\" class=\"wpforms-field-medium wpforms-field-required\" name=\"wpforms[fields][1]\" placeholder=\"Foresattes e-postadresse\" required><div class=\"wpforms-field-description\">Foreldres e-postadresse<\/div><\/div><div id=\"wpforms-715-field_14-container\" class=\"wpforms-field wpforms-field-divider\" data-field-id=\"14\"><\/div><div id=\"wpforms-715-field_16-container\" class=\"wpforms-field wpforms-field-name\" data-field-id=\"16\"><label class=\"wpforms-field-label\" for=\"wpforms-715-field_16\">B - foresatt 2, navn og kontaktopplysninger <span class=\"wpforms-required-label\">*<\/span><\/label><div class=\"wpforms-field-row wpforms-field-medium\"><div class=\"wpforms-field-row-block wpforms-first wpforms-one-half\"><input type=\"text\" id=\"wpforms-715-field_16\" class=\"wpforms-field-name-first wpforms-field-required\" name=\"wpforms[fields][16][first]\" placeholder=\"Foresattes fornavn\" required><label for=\"wpforms-715-field_16\" class=\"wpforms-field-sublabel after wpforms-sublabel-hide\">First<\/label><\/div><div class=\"wpforms-field-row-block wpforms-one-half\"><input type=\"text\" id=\"wpforms-715-field_16-last\" class=\"wpforms-field-name-last wpforms-field-required\" name=\"wpforms[fields][16][last]\" placeholder=\"Foresattes etternavn\" required><label for=\"wpforms-715-field_16-last\" class=\"wpforms-field-sublabel after wpforms-sublabel-hide\">Last<\/label><\/div><\/div><\/div><div id=\"wpforms-715-field_17-container\" class=\"wpforms-field wpforms-field-address\" data-field-id=\"17\"><label class=\"wpforms-field-label\" for=\"wpforms-715-field_17\">Addresse <span class=\"wpforms-required-label\">*<\/span><\/label><div class=\"wpforms-field-row wpforms-field-medium\"><div ><input type=\"text\" id=\"wpforms-715-field_17\" class=\"wpforms-field-address-address1 wpforms-field-required\" name=\"wpforms[fields][17][address1]\" placeholder=\"Foresattes gateadresse\" required><label for=\"wpforms-715-field_17\" class=\"wpforms-field-sublabel after wpforms-sublabel-hide\">Address Line 1<\/label><\/div><\/div><div class=\"wpforms-field-row wpforms-field-medium\"><div class=\"wpforms-field-row-block wpforms-one-half wpforms-first\"><input type=\"text\" id=\"wpforms-715-field_17-city\" class=\"wpforms-field-address-city wpforms-field-required\" name=\"wpforms[fields][17][city]\" placeholder=\"Postnummer\" required><label for=\"wpforms-715-field_17-city\" class=\"wpforms-field-sublabel after wpforms-sublabel-hide\">City<\/label><\/div><div class=\"wpforms-field-row-block wpforms-one-half\"><input type=\"text\" id=\"wpforms-715-field_17-state\" class=\"wpforms-field-address-state wpforms-field-required\" name=\"wpforms[fields][17][state]\" placeholder=\"Poststed\" required><label for=\"wpforms-715-field_17-state\" class=\"wpforms-field-sublabel after wpforms-sublabel-hide\">State \/ Province \/ Region<\/label><\/div><\/div><\/div><div id=\"wpforms-715-field_18-container\" class=\"wpforms-field wpforms-field-phone\" data-field-id=\"18\"><label class=\"wpforms-field-label\" for=\"wpforms-715-field_18\">Foresattes mobiltelefonnummer <span class=\"wpforms-required-label\">*<\/span><\/label><input type=\"tel\" id=\"wpforms-715-field_18\" class=\"wpforms-field-medium wpforms-field-required\" data-rule-int-phone-field=\"true\" name=\"wpforms[fields][18]\" placeholder=\"Foresattes mobiltelefonnummer\" required><\/div><div id=\"wpforms-715-field_19-container\" class=\"wpforms-field wpforms-field-email\" data-field-id=\"19\"><label class=\"wpforms-field-label\" for=\"wpforms-715-field_19\">Foresattes e-postadresse <span class=\"wpforms-required-label\">*<\/span><\/label><input type=\"email\" id=\"wpforms-715-field_19\" class=\"wpforms-field-medium wpforms-field-required\" name=\"wpforms[fields][19]\" placeholder=\"Foresattes e-postadresse\" required><div class=\"wpforms-field-description\">Foreldres e-postadresse<\/div><\/div><div id=\"wpforms-715-field_20-container\" class=\"wpforms-field wpforms-field-divider\" data-field-id=\"20\"><\/div><div id=\"wpforms-715-field_2-container\" class=\"wpforms-field wpforms-field-textarea\" data-field-id=\"2\"><label class=\"wpforms-field-label\" for=\"wpforms-715-field_2\">Skriv dine kommentarer her<\/label><textarea id=\"wpforms-715-field_2\" class=\"wpforms-field-medium\" name=\"wpforms[fields][2]\" ><\/textarea><div class=\"wpforms-field-description\">Pass p\u00e5 at du ikke oppgir personsensitive data i skjemaet.<\/div><\/div><div id=\"wpforms-715-field_24-container\" class=\"wpforms-field wpforms-field-textarea\" data-field-id=\"24\"><label class=\"wpforms-field-label\" for=\"wpforms-715-field_24\">S\u00f8knadsfrister<\/label><textarea id=\"wpforms-715-field_24\" class=\"wpforms-field-medium\" name=\"wpforms[fields][24]\" ><\/textarea><div class=\"wpforms-field-description\">Vi har to s\u00f8knadsfrister for inntak av elever ved Steinerskolen p\u00e5 Rotvoll. Disse er 28. september og 15. mars i f\u00f8lge skolens inntaksreglement.<\/div><\/div><div id=\"wpforms-715-field_21-container\" class=\"wpforms-field wpforms-field-gdpr-checkbox\" data-field-id=\"21\"><label class=\"wpforms-field-label\" for=\"wpforms-715-field_21\">GDPR samtykke <span class=\"wpforms-required-label\">*<\/span><\/label><ul id=\"wpforms-715-field_21\" class=\"wpforms-field-required\"><li class=\"choice-1\"><input type=\"checkbox\" id=\"wpforms-715-field_21_1\" name=\"wpforms[fields][21][]\" value=\"Jeg gir mitt samtykke til at denne nettsiden kan lagre informasjonen i dette skjemaet slik at det kan g\u00e5 inn i saksbehandlingen.\" required ><label class=\"wpforms-field-label-inline\" for=\"wpforms-715-field_21_1\">Jeg gir mitt samtykke til at denne nettsiden kan lagre informasjonen i dette skjemaet slik at det kan g\u00e5 inn i saksbehandlingen.<\/label><\/li><\/ul><div class=\"wpforms-field-description\">Les v\u00e5r personvernerkl\u00e6ring her: http:\/\/sspr.no\/?page_id=314<\/div><\/div><\/div><div class=\"wpforms-submit-container\"><input type=\"hidden\" name=\"wpforms[id]\" value=\"715\"><input type=\"hidden\" name=\"wpforms[author]\" value=\"1\"><button type=\"submit\" name=\"wpforms[submit]\" id=\"wpforms-submit-715\" class=\"wpforms-submit\" data-alt-text=\"S\u00f8knaden sendes\" data-submit-text=\"Send s\u00f8knad\" aria-live=\"assertive\" value=\"wpforms-submit\">Send s\u00f8knad<\/button><\/div><\/form><\/div>  <!-- .wpforms-container -->\n\n\n<hr class=\"wp-block-separator is-style-default\"\/>\n\n\n\n<p>Om du ikke \u00f8nsker \u00e5 sende inn et elektronisk s\u00f8knadsskjema, kan du skrive ut s\u00f8knadsskjemaet under her, fylle det ut og sende det pr. e-post eller i posten til oss.<\/p>\n\n\n\n<div class=\"wp-block-file\"><a href=\"http:\/\/sspr.no\/wp-content\/uploads\/2021\/05\/Soknad-skoleplass-skjema.doc\">Soknad-skoleplass-skjema<\/a><a href=\"http:\/\/sspr.no\/wp-content\/uploads\/2021\/05\/Soknad-skoleplass-skjema.doc\" class=\"wp-block-file__button\" download>Last ned<\/a><\/div>\n","protected":false},"excerpt":{"rendered":"<p>Om du ikke \u00f8nsker \u00e5 sende inn et elektronisk s\u00f8knadsskjema, kan du skrive ut s\u00f8knadsskjemaet under her, fylle det ut og sende det pr. e-post eller i posten til oss.<\/p>\n","protected":false},"author":1,"featured_media":0,"parent":0,"menu_order":0,"comment_status":"closed","ping_status":"closed","template":"","meta":{"_mc_calendar":[],"footnotes":""},"class_list":["post-359","page","type-page","status-publish","hentry"],"_links":{"self":[{"href":"https:\/\/old.sspr.no\/index.php?rest_route=\/wp\/v2\/pages\/359","targetHints":{"allow":["GET"]}}],"collection":[{"href":"https:\/\/old.sspr.no\/index.php?rest_route=\/wp\/v2\/pages"}],"about":[{"href":"https:\/\/old.sspr.no\/index.php?rest_route=\/wp\/v2\/types\/page"}],"author":[{"embeddable":true,"href":"https:\/\/old.sspr.no\/index.php?rest_route=\/wp\/v2\/users\/1"}],"replies":[{"embeddable":true,"href":"https:\/\/old.sspr.no\/index.php?rest_route=%2Fwp%2Fv2%2Fcomments&post=359"}],"version-history":[{"count":5,"href":"https:\/\/old.sspr.no\/index.php?rest_route=\/wp\/v2\/pages\/359\/revisions"}],"predecessor-version":[{"id":723,"href":"https:\/\/old.sspr.no\/index.php?rest_route=\/wp\/v2\/pages\/359\/revisions\/723"}],"wp:attachment":[{"href":"https:\/\/old.sspr.no\/index.php?rest_route=%2Fwp%2Fv2%2Fmedia&parent=359"}],"curies":[{"name":"wp","href":"https:\/\/api.w.org\/{rel}","templated":true}]}}