{"id":348,"date":"2021-05-23T08:42:18","date_gmt":"2021-05-23T08:42:18","guid":{"rendered":"http:\/\/sspr.no\/?page_id=348"},"modified":"2022-11-23T08:28:48","modified_gmt":"2022-11-23T08:28:48","slug":"ledig-stillinger","status":"publish","type":"page","link":"https:\/\/old.sspr.no\/?page_id=348","title":{"rendered":"Ledige stillinger"},"content":{"rendered":"\n<p>Steinerskolen p\u00e5 Rotvoll ligger landlig til p\u00e5 historisk grunn p\u00e5 g\u00e5rden Nedre Rotvoll med utsikt over Trondheimsfjorden og n\u00e6r adgang til Rotvollfj\u00e6ra og Ladestien. Skolen har barne- og ungdomstrinn fra 1.-10. klasse, med 142 elever og 28 ansatte.<\/p>\n\n\n\n<p>S\u00f8knadsteksten ligger ogs\u00e5 ute p\u00e5 NAVs nettsted arbeidsplassen.no:<\/p>\n\n\n\n<p><a href=\"https:\/\/arbeidsplassen.nav.no\/stillinger\/stilling\/dfbd5261-33a5-49d3-a71a-0e1469af231b\" target=\"_blank\" rel=\"noreferrer noopener\">Steinerskolen p\u00e5 Rotvoll s\u00f8ker vikarer &#8211; Arbeidsplassen (nav.no)<\/a><\/p>\n\n\n\n<p>Vi har ogs\u00e5 det vi kaller Fritidshjemmet der vi har SFO. Vi har i tillegg Helsepedagogisk avdeling der skolen legger til rette for at elever kan gjennomf\u00f8re skolen litt utenom det ordin\u00e6re skolel\u00f8pet. Skolen deler eiendommen med et g\u00e5rdsbruk, med mange aktiviteter tilknyttet g\u00e5rdsdrifta..<\/p>\n\n\n\n<figure class=\"wp-block-image size-full is-resized\"><img loading=\"lazy\" decoding=\"async\" src=\"http:\/\/sspr.no\/wp-content\/uploads\/2021\/07\/IMG_1023.jpeg\" alt=\"\" class=\"wp-image-820\" width=\"640\" height=\"480\" srcset=\"https:\/\/old.sspr.no\/wp-content\/uploads\/2021\/07\/IMG_1023.jpeg 640w, https:\/\/old.sspr.no\/wp-content\/uploads\/2021\/07\/IMG_1023-300x225.jpeg 300w\" sizes=\"auto, (max-width: 640px) 100vw, 640px\" \/><\/figure>\n\n\n\n<p class=\"has-medium-font-size\"><strong>Vi s\u00f8ker vikarer<\/strong><\/p>\n\n\n\n<p>Steinerskolen p\u00e5 Rotvoll, med helsepedagogisk avdeling  og Fritidshjemmet (SFO-avd.) har stadig behov for vikarer, b\u00e5de l\u00e6rere og assistenter. Ta gjerne kontakt med v\u00e5r vikaransvarlige, daglig leder eller leder for Fritidshjemmet om du er interessert i \u00e5 melde deg som vikar hos oss.<\/p>\n\n\n\n<p>L\u00f8nns- og ansettelsesbetingelser i henhold til tariff. S\u00f8knad med CV kan sendes p\u00e5 e-post til rotvoll@steinerskolen.no eller tas med til en f\u00f8rste samtale ved skolen. Utenlandske s\u00f8kere m\u00e5 legge fram godkjent utdanning fra NOKUT og legge fram dokumentasjon ang. norsk spr\u00e5k p\u00e5 min. B2-niv\u00e5.<\/p>\n\n\n\n<figure class=\"wp-block-table is-style-regular\"><table><tbody><tr><td><strong>Elisabeth Ulsund<\/strong><\/td><td>Vikaransvarlig for undervisning<\/td><\/tr><tr><td>Mob. nr.: 948 60 377<\/td><td>E-post: elisbeth.ulsund@steinerskolen.no<\/td><\/tr><tr><td><strong>Frode Fredriksen<\/strong><\/td><td>Daglig leder<\/td><\/tr><tr><td>Mob. nr.: 481 08 721<\/td><td>E-post: frode.fredriksen@steinerskolen.no<\/td><\/tr><tr><td><strong>Aase L\u00f8ken<\/strong><\/td><td>Leder for Fritidshjemmet (SFO)<\/td><\/tr><tr><td>Mob. nr.: 482 01 373<\/td><td>aase.loken@steinerskolen.no<\/td><\/tr><\/tbody><\/table><\/figure>\n\n\n\n<p><\/p>\n","protected":false},"excerpt":{"rendered":"<p>Steinerskolen p\u00e5 Rotvoll ligger landlig til p\u00e5 historisk grunn p\u00e5 g\u00e5rden Nedre Rotvoll med utsikt over Trondheimsfjorden og n\u00e6r adgang til Rotvollfj\u00e6ra og Ladestien. Skolen har barne- og ungdomstrinn fra 1.-10. klasse, med 142 elever og 28 ansatte. S\u00f8knadsteksten ligger &hellip; <a href=\"https:\/\/old.sspr.no\/?page_id=348\">Les videre <span class=\"meta-nav\">&rarr;<\/span><\/a><\/p>\n","protected":false},"author":1,"featured_media":0,"parent":0,"menu_order":0,"comment_status":"closed","ping_status":"closed","template":"","meta":{"_mc_calendar":[],"footnotes":""},"class_list":["post-348","page","type-page","status-publish","hentry"],"_links":{"self":[{"href":"https:\/\/old.sspr.no\/index.php?rest_route=\/wp\/v2\/pages\/348","targetHints":{"allow":["GET"]}}],"collection":[{"href":"https:\/\/old.sspr.no\/index.php?rest_route=\/wp\/v2\/pages"}],"about":[{"href":"https:\/\/old.sspr.no\/index.php?rest_route=\/wp\/v2\/types\/page"}],"author":[{"embeddable":true,"href":"https:\/\/old.sspr.no\/index.php?rest_route=\/wp\/v2\/users\/1"}],"replies":[{"embeddable":true,"href":"https:\/\/old.sspr.no\/index.php?rest_route=%2Fwp%2Fv2%2Fcomments&post=348"}],"version-history":[{"count":33,"href":"https:\/\/old.sspr.no\/index.php?rest_route=\/wp\/v2\/pages\/348\/revisions"}],"predecessor-version":[{"id":1831,"href":"https:\/\/old.sspr.no\/index.php?rest_route=\/wp\/v2\/pages\/348\/revisions\/1831"}],"wp:attachment":[{"href":"https:\/\/old.sspr.no\/index.php?rest_route=%2Fwp%2Fv2%2Fmedia&parent=348"}],"curies":[{"name":"wp","href":"https:\/\/api.w.org\/{rel}","templated":true}]}}