{"id":322,"date":"2021-05-23T08:27:41","date_gmt":"2021-05-23T08:27:41","guid":{"rendered":"http:\/\/sspr.no\/?page_id=322"},"modified":"2022-09-19T06:35:57","modified_gmt":"2022-09-19T06:35:57","slug":"skolens-ansatte","status":"publish","type":"page","link":"https:\/\/old.sspr.no\/?page_id=322","title":{"rendered":"Skolens ansatte"},"content":{"rendered":"\n<div class=\"wp-block-group\"><div class=\"wp-block-group__inner-container is-layout-flow wp-block-group-is-layout-flow\">\n<figure class=\"wp-block-table is-style-stripes\"><table><tbody><tr><td>1. klasse<\/td><td><strong>Nina Egeland<\/strong><\/td><td>Klassel\u00e6rer<\/td><\/tr><tr><td><\/td><td>nina.marie.egeland@steinerskolen.no<\/td><td>404 75 712<\/td><\/tr><tr><td>2. klasse<\/td><td><strong><strong>Elisabeth Ulsund<\/strong><\/strong><\/td><td>Klassel\u00e6rer<\/td><\/tr><tr><td><\/td><td>elisabeth.ulsund@steinerskolen.no<\/td><td>948 60 377<\/td><\/tr><tr><td>3. klasse<\/td><td><strong>Malin Nilsen<\/strong><\/td><td>Klassel\u00e6rer<\/td><\/tr><tr><td><\/td><td>malin.nilsen@steinerskolen.no<\/td><td>915 30 023<\/td><\/tr><tr><td>4. klasse<\/td><td><strong>Johannes Schumacher<\/strong><\/td><td>Klassel\u00e6rer<\/td><\/tr><tr><td><\/td><td>johannes.schumacher@steinerskolen.no<\/td><td>991 09 289<\/td><\/tr><tr><td>5. klasse<\/td><td><strong>Kari Kirkholt<\/strong><\/td><td>Klassel\u00e6rer<\/td><\/tr><tr><td><\/td><td>kari.kirkholt@steinerskolen.no<\/td><td>404 78 028<\/td><\/tr><tr><td>6. klasse<\/td><td><strong>Julia Kulseth<\/strong><\/td><td>Klassel\u00e6rer<\/td><\/tr><tr><td><\/td><td>julia.kulseth@steinerskolen.no<\/td><td>905 27 917<\/td><\/tr><tr><td>7. klasse<\/td><td><strong>Johann Vilhjalmsson<\/strong><\/td><td>Klassel\u00e6rer<\/td><\/tr><tr><td><\/td><td>johann.vilhjalmsson@steinerskolen.no<\/td><td>995 69 904<\/td><\/tr><tr><td>8. klasse<\/td><td><strong>Nikolai Hassel<\/strong><\/td><td>Klassel\u00e6rer<\/td><\/tr><tr><td><\/td><td>nikolai.hassel@steinerskolen.no<\/td><td>928 37 518<\/td><\/tr><tr><td>9. klasse<\/td><td><strong>Ann-Helen Jenssen<\/strong><\/td><td>Klassel\u00e6rer<\/td><\/tr><tr><td><\/td><td>ann-helen.jenssen@steinerskolen.no<\/td><td>913 16 010<\/td><\/tr><tr><td>10. klasse<\/td><td><strong>Thomas Jakobsson<\/strong><\/td><td>Klassel\u00e6rer<\/td><\/tr><tr><td><\/td><td>thomas.jakobsson@steinerskolen.no<\/td><td>988 15 230<\/td><\/tr><tr><td>Eng\/norsk<\/td><td><strong>Ann-Rita Golis<\/strong><\/td><td>Fagl\u00e6rer<\/td><\/tr><tr><td><\/td><td>ann.golis@steinerskolen.no<\/td><td>902 19 945<\/td><\/tr><tr><td>Eurytmi<\/td><td><strong>Loreta Matorkiene<\/strong><\/td><td>Fagl\u00e6rer<\/td><\/tr><tr><td><\/td><td>loreta.matorkiene@steinerskolen.no<\/td><td>968 29 713<\/td><\/tr><tr><td>Spansk<\/td><td><strong>Alejandro Diez Rivera<\/strong><\/td><td>Fagl\u00e6rer<\/td><\/tr><tr><td><\/td><td>alejandro.rivera@steinerskolen.no<\/td><td>406 05 653<\/td><\/tr><tr><td>Geografi<\/td><td><strong>Aase L\u00f8ken<\/strong><\/td><td>Fagl\u00e6rer<\/td><\/tr><tr><td><\/td><td>aase.loken@steinerskolen.no<\/td><td>482 01 373<\/td><\/tr><tr><td>Musikk<\/td><td><strong>Gaute Einebakken<\/strong><\/td><td>Fagl\u00e6rer<\/td><\/tr><tr><td><\/td><td>gaute.einebakken@steinerskolen.no<\/td><td>988 39 068<\/td><\/tr><tr><td>Pianist<\/td><td><strong>Svein Dahl<\/strong><\/td><td>Fagl\u00e6rer<\/td><\/tr><tr><td><\/td><td>svein.dahl@steinerskolen.no<\/td><td>930 84 828<\/td><\/tr><tr><td>K&amp;H<\/td><td><strong>Jan Tommy Kirkholt<\/strong><\/td><td>Fagl\u00e6rer<\/td><\/tr><tr><td><\/td><td>jan.kirkholt@steinerskolen.no<\/td><td>901 46 372<\/td><\/tr><tr><td>Helseped.<\/td><td><strong>Steinar Hoff Leirvik<\/strong><\/td><td>Klassel\u00e6rer<\/td><\/tr><tr><td><\/td><td>steinar.leirvik@steinerskolen.no<\/td><td>986 15 360<\/td><\/tr><tr><td>Helseped.<\/td><td>Stine Ibsen<\/td><td>Spes. ped.<\/td><\/tr><tr><td><\/td><td>stine.ibsen@steinerskolen.no<\/td><td>920 96 982<\/td><\/tr><tr><td>Helseped.<\/td><td><strong>Hermann Schmiemann<\/strong><\/td><td>Vernepleier<\/td><\/tr><tr><td><\/td><td>hermann.schmiemann@steinerskolen.no<\/td><td>481 85 588<\/td><\/tr><tr><td>Spes.ped.<\/td><td><strong>Hege Hoff<\/strong><\/td><td><\/td><\/tr><tr><td><\/td><td>hege.hoff@steinerskolen.no<\/td><td>462 31 035<\/td><\/tr><tr><td>Spes.ped. Koord.<\/td><td><strong>Wenche Hildal<\/strong><\/td><td><\/td><\/tr><tr><td><\/td><td>wenche.hildal@steinerskolen.no<\/td><td>932 37 472<\/td><\/tr><tr><td>Spes.ped.<\/td><td><strong>Ronny Karlsen<\/strong><\/td><td><\/td><\/tr><tr><td><\/td><td>ronny.karlsen@steinerskolen.no<\/td><td>936 44 483<\/td><\/tr><tr><td><\/td><td><\/td><td><\/td><\/tr><tr><td><\/td><td><\/td><td><\/td><\/tr><tr><td>Assistent<\/td><td><strong>Eva Engstr\u00f8m Fl\u00f8an<\/strong><\/td><td><\/td><\/tr><tr><td><\/td><td>eva.floan@steinerskolen.no<\/td><td>991 07 187<\/td><\/tr><tr><td>Assistent<\/td><td><\/td><td><\/td><\/tr><tr><td><\/td><td><\/td><td><\/td><\/tr><tr><td>Assistent<\/td><td><strong>Sandra Nielsen<\/strong><\/td><td><\/td><\/tr><tr><td><\/td><td>sandra.nielsen@steinerskolen.no<\/td><td>904 28 092<\/td><\/tr><tr><td>Assistent<\/td><td><\/td><td><\/td><\/tr><tr><td><\/td><td><\/td><td><\/td><\/tr><tr><td>Fritidshjemmet<\/td><td><strong>Aase L\u00f8ken<\/strong><\/td><td><\/td><\/tr><tr><td><\/td><td>aase.loken@steinerskolen.no<\/td><td>482 01 373<\/td><\/tr><\/tbody><\/table><\/figure>\n<\/div><\/div>\n\n\n\n<p><\/p>\n","protected":false},"excerpt":{"rendered":"<p>1. klasse Nina Egeland Klassel\u00e6rer nina.marie.egeland@steinerskolen.no 404 75 712 2. klasse Elisabeth Ulsund Klassel\u00e6rer elisabeth.ulsund@steinerskolen.no 948 60 377 3. klasse Malin Nilsen Klassel\u00e6rer malin.nilsen@steinerskolen.no 915 30 023 4. klasse Johannes Schumacher Klassel\u00e6rer johannes.schumacher@steinerskolen.no 991 09 289 5. klasse Kari Kirkholt &hellip; <a href=\"https:\/\/old.sspr.no\/?page_id=322\">Les videre <span class=\"meta-nav\">&rarr;<\/span><\/a><\/p>\n","protected":false},"author":1,"featured_media":0,"parent":0,"menu_order":0,"comment_status":"closed","ping_status":"closed","template":"","meta":{"_mc_calendar":[],"footnotes":""},"class_list":["post-322","page","type-page","status-publish","hentry"],"_links":{"self":[{"href":"https:\/\/old.sspr.no\/index.php?rest_route=\/wp\/v2\/pages\/322","targetHints":{"allow":["GET"]}}],"collection":[{"href":"https:\/\/old.sspr.no\/index.php?rest_route=\/wp\/v2\/pages"}],"about":[{"href":"https:\/\/old.sspr.no\/index.php?rest_route=\/wp\/v2\/types\/page"}],"author":[{"embeddable":true,"href":"https:\/\/old.sspr.no\/index.php?rest_route=\/wp\/v2\/users\/1"}],"replies":[{"embeddable":true,"href":"https:\/\/old.sspr.no\/index.php?rest_route=%2Fwp%2Fv2%2Fcomments&post=322"}],"version-history":[{"count":16,"href":"https:\/\/old.sspr.no\/index.php?rest_route=\/wp\/v2\/pages\/322\/revisions"}],"predecessor-version":[{"id":1737,"href":"https:\/\/old.sspr.no\/index.php?rest_route=\/wp\/v2\/pages\/322\/revisions\/1737"}],"wp:attachment":[{"href":"https:\/\/old.sspr.no\/index.php?rest_route=%2Fwp%2Fv2%2Fmedia&parent=322"}],"curies":[{"name":"wp","href":"https:\/\/api.w.org\/{rel}","templated":true}]}}