{"id":145,"date":"2021-05-20T18:55:37","date_gmt":"2021-05-20T18:55:37","guid":{"rendered":"http:\/\/sspr.no\/?page_id=145"},"modified":"2021-07-04T09:25:33","modified_gmt":"2021-07-04T09:25:33","slug":"ungdomsskolen","status":"publish","type":"page","link":"https:\/\/old.sspr.no\/?page_id=145","title":{"rendered":"Ungdomsskolen"},"content":{"rendered":"\n<p>Kompetansem\u00e5lene og l\u00e6ringsm\u00e5lene for v\u00e5re elever i ungdomsskolen tilsvarer i stor grad den offentlige skole n\u00e5r det gjelder lesing, skriving, regning, formuleringsevne og digital kompetanse. I tillegg legger vi stor vekt p\u00e5 kunst- og handverksfag, som for eksempel tegning, maling, sang, musikk, h\u00e5ndverk, \u00f8kologisk hagebruk og skolekj\u00f8kken. Dette skaper ei god ramme for en variert skoledag og flere muligheter for mestringsf\u00f8lelse.<\/p>\n\n\n\n<p><strong>Undervisning og pedagogikk<\/strong><\/p>\n\n\n\n<p>Steinerpedagogikken er anerkjent og l\u00e6rerens engasjerte fortelling og formidling er selve kjernen i undervisningen. Presentasjon av det faglige stoffet skjer via gjennomgang av biografier om mennesker som har v\u00e6rt sentrale i v\u00e5r spr\u00e5k- og kulturhistorie.<\/p>\n\n\n\n<p>Det er et m\u00e5l for oss \u00e5 skape gode forbilder for elevene, samtidig som undervisningen gj\u00f8res spennende og interessant. Det legges vekt p\u00e5 individuell utforming og flid i elevenes arbeidI bearbeidelsen av fagstoffet. Slik fors\u00f8ker Steinerskolen p\u00e5 Rotvoll \u00e5 bidra til gode holdninger og arbeidsvaner gjennom pubertet og ungdomstid.<\/p>\n","protected":false},"excerpt":{"rendered":"<p>Kompetansem\u00e5lene og l\u00e6ringsm\u00e5lene for v\u00e5re elever i ungdomsskolen tilsvarer i stor grad den offentlige skole n\u00e5r det gjelder lesing, skriving, regning, formuleringsevne og digital kompetanse. I tillegg legger vi stor vekt p\u00e5 kunst- og handverksfag, som for eksempel tegning, maling, &hellip; <a href=\"https:\/\/old.sspr.no\/?page_id=145\">Les videre <span class=\"meta-nav\">&rarr;<\/span><\/a><\/p>\n","protected":false},"author":1,"featured_media":0,"parent":0,"menu_order":0,"comment_status":"closed","ping_status":"closed","template":"","meta":{"_mc_calendar":[],"footnotes":""},"class_list":["post-145","page","type-page","status-publish","hentry"],"_links":{"self":[{"href":"https:\/\/old.sspr.no\/index.php?rest_route=\/wp\/v2\/pages\/145","targetHints":{"allow":["GET"]}}],"collection":[{"href":"https:\/\/old.sspr.no\/index.php?rest_route=\/wp\/v2\/pages"}],"about":[{"href":"https:\/\/old.sspr.no\/index.php?rest_route=\/wp\/v2\/types\/page"}],"author":[{"embeddable":true,"href":"https:\/\/old.sspr.no\/index.php?rest_route=\/wp\/v2\/users\/1"}],"replies":[{"embeddable":true,"href":"https:\/\/old.sspr.no\/index.php?rest_route=%2Fwp%2Fv2%2Fcomments&post=145"}],"version-history":[{"count":3,"href":"https:\/\/old.sspr.no\/index.php?rest_route=\/wp\/v2\/pages\/145\/revisions"}],"predecessor-version":[{"id":911,"href":"https:\/\/old.sspr.no\/index.php?rest_route=\/wp\/v2\/pages\/145\/revisions\/911"}],"wp:attachment":[{"href":"https:\/\/old.sspr.no\/index.php?rest_route=%2Fwp%2Fv2%2Fmedia&parent=145"}],"curies":[{"name":"wp","href":"https:\/\/api.w.org\/{rel}","templated":true}]}}