{"id":142,"date":"2021-05-20T18:55:36","date_gmt":"2021-05-20T18:55:36","guid":{"rendered":"http:\/\/sspr.no\/?page_id=142"},"modified":"2021-06-30T07:32:48","modified_gmt":"2021-06-30T07:32:48","slug":"fritidshjemmet-sfo","status":"publish","type":"page","link":"https:\/\/old.sspr.no\/?page_id=142","title":{"rendered":"Fritidshjemmet (SFO)"},"content":{"rendered":"\n<p>Fritidshjemmet ligger vakkert til p\u00e5 Rotvoll med utsikt utover Trondheimsfjorden, med tilgang til Ladestien, skog og skogsstier.<\/p>\n\n\n\n<p>Her f\u00e5r elevene p\u00e5 1.-4. trinn lov til \u00e5 utfolde seg i sunne, morsomme og spennende aktiviteter b\u00e5de inne og ute.<\/p>\n\n\n\n<figure class=\"wp-block-gallery columns-3 is-cropped wp-block-gallery-1 is-layout-flex wp-block-gallery-is-layout-flex\"><ul class=\"blocks-gallery-grid\"><li class=\"blocks-gallery-item\"><figure><img loading=\"lazy\" decoding=\"async\" width=\"1024\" height=\"768\" src=\"http:\/\/sspr.no\/wp-content\/uploads\/2021\/06\/IMG_1058-1024x768.jpg\" alt=\"\" data-id=\"748\" data-full-url=\"http:\/\/sspr.no\/wp-content\/uploads\/2021\/06\/IMG_1058-scaled.jpg\" data-link=\"http:\/\/sspr.no\/?attachment_id=748\" class=\"wp-image-748\" srcset=\"https:\/\/old.sspr.no\/wp-content\/uploads\/2021\/06\/IMG_1058-1024x768.jpg 1024w, https:\/\/old.sspr.no\/wp-content\/uploads\/2021\/06\/IMG_1058-300x225.jpg 300w, https:\/\/old.sspr.no\/wp-content\/uploads\/2021\/06\/IMG_1058-768x576.jpg 768w, https:\/\/old.sspr.no\/wp-content\/uploads\/2021\/06\/IMG_1058-1536x1152.jpg 1536w, https:\/\/old.sspr.no\/wp-content\/uploads\/2021\/06\/IMG_1058-2048x1536.jpg 2048w\" sizes=\"auto, (max-width: 1024px) 100vw, 1024px\" \/><\/figure><\/li><li class=\"blocks-gallery-item\"><figure><img loading=\"lazy\" decoding=\"async\" width=\"768\" height=\"1024\" src=\"http:\/\/sspr.no\/wp-content\/uploads\/2021\/06\/IMG_1063-768x1024.jpg\" alt=\"\" data-id=\"753\" data-full-url=\"http:\/\/sspr.no\/wp-content\/uploads\/2021\/06\/IMG_1063-scaled.jpg\" data-link=\"http:\/\/sspr.no\/?attachment_id=753\" class=\"wp-image-753\" srcset=\"https:\/\/old.sspr.no\/wp-content\/uploads\/2021\/06\/IMG_1063-768x1024.jpg 768w, https:\/\/old.sspr.no\/wp-content\/uploads\/2021\/06\/IMG_1063-225x300.jpg 225w, https:\/\/old.sspr.no\/wp-content\/uploads\/2021\/06\/IMG_1063-1152x1536.jpg 1152w, https:\/\/old.sspr.no\/wp-content\/uploads\/2021\/06\/IMG_1063-1536x2048.jpg 1536w, https:\/\/old.sspr.no\/wp-content\/uploads\/2021\/06\/IMG_1063-scaled.jpg 1920w\" sizes=\"auto, (max-width: 768px) 100vw, 768px\" \/><\/figure><\/li><li class=\"blocks-gallery-item\"><figure><img loading=\"lazy\" decoding=\"async\" width=\"1024\" height=\"768\" src=\"http:\/\/sspr.no\/wp-content\/uploads\/2021\/06\/IMG_1064-1024x768.jpg\" alt=\"\" data-id=\"754\" data-full-url=\"http:\/\/sspr.no\/wp-content\/uploads\/2021\/06\/IMG_1064-scaled.jpg\" data-link=\"http:\/\/sspr.no\/?attachment_id=754\" class=\"wp-image-754\" srcset=\"https:\/\/old.sspr.no\/wp-content\/uploads\/2021\/06\/IMG_1064-1024x768.jpg 1024w, https:\/\/old.sspr.no\/wp-content\/uploads\/2021\/06\/IMG_1064-300x225.jpg 300w, https:\/\/old.sspr.no\/wp-content\/uploads\/2021\/06\/IMG_1064-768x576.jpg 768w, https:\/\/old.sspr.no\/wp-content\/uploads\/2021\/06\/IMG_1064-1536x1152.jpg 1536w, https:\/\/old.sspr.no\/wp-content\/uploads\/2021\/06\/IMG_1064-2048x1536.jpg 2048w\" sizes=\"auto, (max-width: 1024px) 100vw, 1024px\" \/><\/figure><\/li><li class=\"blocks-gallery-item\"><figure><img loading=\"lazy\" decoding=\"async\" width=\"768\" height=\"1024\" src=\"http:\/\/sspr.no\/wp-content\/uploads\/2021\/06\/IMG_1066-768x1024.jpg\" alt=\"\" data-id=\"756\" data-full-url=\"http:\/\/sspr.no\/wp-content\/uploads\/2021\/06\/IMG_1066-scaled.jpg\" data-link=\"http:\/\/sspr.no\/?attachment_id=756\" class=\"wp-image-756\" srcset=\"https:\/\/old.sspr.no\/wp-content\/uploads\/2021\/06\/IMG_1066-768x1024.jpg 768w, https:\/\/old.sspr.no\/wp-content\/uploads\/2021\/06\/IMG_1066-225x300.jpg 225w, https:\/\/old.sspr.no\/wp-content\/uploads\/2021\/06\/IMG_1066-1152x1536.jpg 1152w, https:\/\/old.sspr.no\/wp-content\/uploads\/2021\/06\/IMG_1066-1536x2048.jpg 1536w, https:\/\/old.sspr.no\/wp-content\/uploads\/2021\/06\/IMG_1066-scaled.jpg 1920w\" sizes=\"auto, (max-width: 768px) 100vw, 768px\" \/><\/figure><\/li><li class=\"blocks-gallery-item\"><figure><img loading=\"lazy\" decoding=\"async\" width=\"1024\" height=\"768\" src=\"http:\/\/sspr.no\/wp-content\/uploads\/2021\/06\/IMG_1067-1024x768.jpg\" alt=\"Fritidshjemmet med utsikt ned mot Trondheimsfjorden og Ladestien.\" data-id=\"757\" data-full-url=\"http:\/\/sspr.no\/wp-content\/uploads\/2021\/06\/IMG_1067-scaled.jpg\" data-link=\"http:\/\/sspr.no\/?attachment_id=757\" class=\"wp-image-757\" srcset=\"https:\/\/old.sspr.no\/wp-content\/uploads\/2021\/06\/IMG_1067-1024x768.jpg 1024w, https:\/\/old.sspr.no\/wp-content\/uploads\/2021\/06\/IMG_1067-300x225.jpg 300w, https:\/\/old.sspr.no\/wp-content\/uploads\/2021\/06\/IMG_1067-768x576.jpg 768w, https:\/\/old.sspr.no\/wp-content\/uploads\/2021\/06\/IMG_1067-1536x1152.jpg 1536w, https:\/\/old.sspr.no\/wp-content\/uploads\/2021\/06\/IMG_1067-2048x1536.jpg 2048w\" sizes=\"auto, (max-width: 1024px) 100vw, 1024px\" \/><\/figure><\/li><\/ul><\/figure>\n","protected":false},"excerpt":{"rendered":"<p>Fritidshjemmet ligger vakkert til p\u00e5 Rotvoll med utsikt utover Trondheimsfjorden, med tilgang til Ladestien, skog og skogsstier. Her f\u00e5r elevene p\u00e5 1.-4. trinn lov til \u00e5 utfolde seg i sunne, morsomme og spennende aktiviteter b\u00e5de inne og ute.<\/p>\n","protected":false},"author":1,"featured_media":0,"parent":0,"menu_order":0,"comment_status":"closed","ping_status":"closed","template":"","meta":{"_mc_calendar":[],"footnotes":""},"class_list":["post-142","page","type-page","status-publish","hentry"],"_links":{"self":[{"href":"https:\/\/old.sspr.no\/index.php?rest_route=\/wp\/v2\/pages\/142","targetHints":{"allow":["GET"]}}],"collection":[{"href":"https:\/\/old.sspr.no\/index.php?rest_route=\/wp\/v2\/pages"}],"about":[{"href":"https:\/\/old.sspr.no\/index.php?rest_route=\/wp\/v2\/types\/page"}],"author":[{"embeddable":true,"href":"https:\/\/old.sspr.no\/index.php?rest_route=\/wp\/v2\/users\/1"}],"replies":[{"embeddable":true,"href":"https:\/\/old.sspr.no\/index.php?rest_route=%2Fwp%2Fv2%2Fcomments&post=142"}],"version-history":[{"count":4,"href":"https:\/\/old.sspr.no\/index.php?rest_route=\/wp\/v2\/pages\/142\/revisions"}],"predecessor-version":[{"id":758,"href":"https:\/\/old.sspr.no\/index.php?rest_route=\/wp\/v2\/pages\/142\/revisions\/758"}],"wp:attachment":[{"href":"https:\/\/old.sspr.no\/index.php?rest_route=%2Fwp%2Fv2%2Fmedia&parent=142"}],"curies":[{"name":"wp","href":"https:\/\/api.w.org\/{rel}","templated":true}]}}